{"id":18407,"date":"2023-05-04T15:24:09","date_gmt":"2023-05-04T13:24:09","guid":{"rendered":"https:\/\/tierschutz.com\/?page_id=18407"},"modified":"2025-11-20T15:36:51","modified_gmt":"2025-11-20T14:36:51","slug":"bovins","status":"publish","type":"page","link":"https:\/\/mail.swiss-animal-protection.ch\/fr\/detention-des-animaux\/animaux-de-rente\/bovins\/","title":{"rendered":"Bovins"},"content":{"rendered":"\n<div class=\"wp-block-cover alignfull is-light\"><img loading=\"lazy\" decoding=\"async\" width=\"1416\" height=\"910\" class=\"wp-block-cover__image-background wp-image-1883\" alt=\"Eine Braune Kuh mit ihrem K\u00e4lbchen, das gerade bei der Kuh Milch trinkt auf einer Wiese\" src=\"https:\/\/tierschutz.com\/app\/uploads\/2023\/05\/STS-Rinder-1.jpg\" style=\"object-position:55% 45%\" data-object-fit=\"cover\" data-object-position=\"55% 45%\" srcset=\"https:\/\/mail.swiss-animal-protection.ch\/app\/uploads\/2023\/05\/STS-Rinder-1.jpg 1416w, https:\/\/mail.swiss-animal-protection.ch\/app\/uploads\/2023\/05\/STS-Rinder-1-300x193.jpg 300w, https:\/\/mail.swiss-animal-protection.ch\/app\/uploads\/2023\/05\/STS-Rinder-1-1024x658.jpg 1024w, https:\/\/mail.swiss-animal-protection.ch\/app\/uploads\/2023\/05\/STS-Rinder-1-768x494.jpg 768w\" sizes=\"auto, (max-width: 1416px) 100vw, 1416px\" \/><span aria-hidden=\"true\" class=\"wp-block-cover__background has-background-dim-20 has-background-dim\"><\/span><div class=\"wp-block-cover__inner-container is-layout-flow wp-block-cover-is-layout-flow\">\n<h2 class=\"wp-block-heading has-text-align-center has-background-color has-text-color\" id=\"h-bovins\">Bovins<\/h2>\n<\/div><\/div>\n\n\n\n<div class=\"wp-block-group alignfull has-background-background-color has-background is-layout-constrained wp-block-group-is-layout-constrained\" id=\"gestorben\"><div class=\"yoast-breadcrumbs\"><span><span><a href=\"https:\/\/tierschutz.com\/fr\/\">Page d\u2019accueil<\/a><\/span> \u00bb <span><a href=\"https:\/\/mail.schweizer-tierschutz-sts.ch\/fr\/detention-des-animaux\/\">D\u00e9tention des animaux<\/a><\/span> \u00bb <span><a href=\"https:\/\/tierschutz.com\/fr\/detention-des-animaux\/animaux-de-rente\/\">Animaux de rente<\/a><\/span> \u00bb <span class=\"breadcrumb_last\" aria-current=\"page\">Bovins<\/span><\/span><\/div>\n\n\n<h1 class=\"wp-block-heading has-text-align-center\"><strong>Page en construction<\/strong><\/h1>\n\n\n\n<hr class=\"wp-block-separator has-text-color has-primary-color has-alpha-channel-opacity has-primary-background-color has-background\"\/>\n\n\n\n<p class=\"has-text-align-center\">Nous sommes actuellement encore en construction et travaillons actuellement \u00e0 la mise \u00e0 disposition de tous les contenus pour vous. <br>Merci de patienter encore un peu pendant que nous ajoutons les derni\u00e8res finitions et informations.<\/p>\n\n\n\n<p class=\"has-text-align-center\">Merci de votre compr\u00e9hension et revenez nous voir bient\u00f4t !<\/p>\n<\/div>\n\n\n\n<div class=\"wp-block-group has-background-background-color has-background is-layout-constrained wp-block-group-is-layout-constrained\">\n<h2 class=\"wp-block-heading has-text-align-center\"><strong>Vous souhaitez nous soutenir ?<\/strong><\/h2>\n\n\n\n<hr class=\"wp-block-separator has-text-color has-primary-color has-alpha-channel-opacity has-primary-background-color has-background\"\/>\n<\/div>\n\n\n\n<div class=\"wp-block-cover alignfull has-custom-content-position is-position-bottom-left\"><span aria-hidden=\"true\" class=\"wp-block-cover__background has-background-dim-0 has-background-dim\"><\/span><img loading=\"lazy\" decoding=\"async\" width=\"2560\" height=\"1696\" class=\"wp-block-cover__image-background wp-image-441\" alt=\"\" src=\"https:\/\/tierschutz.com\/app\/uploads\/2023\/05\/schweizer-tierschutz-online-spende-scaled.jpg\" style=\"object-position:57% 41%\" data-object-fit=\"cover\" data-object-position=\"57% 41%\" srcset=\"https:\/\/mail.swiss-animal-protection.ch\/app\/uploads\/2023\/05\/schweizer-tierschutz-online-spende-scaled.jpg 2560w, https:\/\/mail.swiss-animal-protection.ch\/app\/uploads\/2023\/05\/schweizer-tierschutz-online-spende-300x199.jpg 300w, https:\/\/mail.swiss-animal-protection.ch\/app\/uploads\/2023\/05\/schweizer-tierschutz-online-spende-1024x678.jpg 1024w, https:\/\/mail.swiss-animal-protection.ch\/app\/uploads\/2023\/05\/schweizer-tierschutz-online-spende-768x509.jpg 768w, https:\/\/mail.swiss-animal-protection.ch\/app\/uploads\/2023\/05\/schweizer-tierschutz-online-spende-1536x1017.jpg 1536w, https:\/\/mail.swiss-animal-protection.ch\/app\/uploads\/2023\/05\/schweizer-tierschutz-online-spende-2048x1356.jpg 2048w\" sizes=\"auto, (max-width: 2560px) 100vw, 2560px\" \/><div class=\"wp-block-cover__inner-container is-layout-flow wp-block-cover-is-layout-flow\">\n<div class=\"wp-block-group is-style-shadow-box has-foreground-color has-background-background-color has-text-color has-background is-layout-constrained wp-block-group-is-layout-constrained\">\n<h3 class=\"wp-block-heading\" id=\"h-soutenez-nous-pour-aider-les-animaux-nbsp\"><strong><strong>Soutenez-nous pour aider les animaux&nbsp;<\/strong><\/strong><\/h3>\n\n\n\n<p>Aidez-nous \u00e0 aider les animaux. Gr\u00e2ce \u00e0 vos dons, nous travaillons sans rel\u00e2che pour am\u00e9liorer sensiblement la situation des animaux en d\u00e9tresse. Le service de conseil et les services sp\u00e9cialis\u00e9s de la Protection Suisse des Animaux PSA et de ses sections s\u2019engagent efficacement en faveur du bien-\u00eatre animal. Nous vous en faisons la promesse.<\/p>\n\n\n\n<p>La PSA est reconnue en tant qu\u2019institution d\u2019utilit\u00e9 publique. Vos dons sont donc d\u00e9ductibles fiscalement.<\/p>\n\n\n\n<div class=\"wp-block-buttons is-layout-flex wp-block-buttons-is-layout-flex\">\n<div class=\"wp-block-button\"><a class=\"wp-block-button__link wp-element-button\" href=\"https:\/\/tierschutz.com\/fr\/protection-des-animaux\/dons\/dons\/\">Faire un don maintenant<\/a><\/div>\n<\/div>\n<\/div>\n<\/div><\/div>\n","protected":false},"excerpt":{"rendered":"","protected":false},"author":5,"featured_media":0,"parent":5045,"menu_order":126,"comment_status":"closed","ping_status":"closed","template":"","meta":{"_acf_changed":false,"inline_featured_image":false,"_vp_format_video_url":"","_vp_image_focal_point":[],"footnotes":""},"class_list":["post-18407","page","type-page","status-publish","hentry"],"acf":[],"yoast_head":"<!-- This site is optimized with the Yoast SEO Premium plugin v27.4 (Yoast SEO v27.4) - https:\/\/yoast.com\/product\/yoast-seo-premium-wordpress\/ -->\n<title>Bovins - Protection Suisse des Animaux PSA<\/title>\n<meta name=\"robots\" content=\"index, follow, max-snippet:-1, max-image-preview:large, max-video-preview:-1\" \/>\n<link rel=\"canonical\" href=\"https:\/\/mail.swiss-animal-protection.ch\/fr\/detention-des-animaux\/animaux-de-rente\/bovins\/\" \/>\n<meta property=\"og:locale\" content=\"fr_FR\" \/>\n<meta property=\"og:type\" content=\"article\" \/>\n<meta property=\"og:title\" content=\"Bovins\" \/>\n<meta property=\"og:url\" content=\"https:\/\/mail.swiss-animal-protection.ch\/fr\/detention-des-animaux\/animaux-de-rente\/bovins\/\" \/>\n<meta property=\"og:site_name\" content=\"Protection Suisse des Animaux PSA\" \/>\n<meta property=\"article:publisher\" content=\"https:\/\/www.facebook.com\/schweizertierschutz\/\" \/>\n<meta property=\"article:modified_time\" content=\"2025-11-20T14:36:51+00:00\" \/>\n<meta property=\"og:image\" content=\"https:\/\/tierschutz.com\/app\/uploads\/2023\/05\/STS-Rinder-1.jpg\" \/>\n<meta name=\"twitter:card\" content=\"summary_large_image\" \/>\n<meta name=\"twitter:label1\" content=\"Dur\u00e9e de lecture estim\u00e9e\" \/>\n\t<meta name=\"twitter:data1\" content=\"1 minute\" \/>\n<script type=\"application\/ld+json\" class=\"yoast-schema-graph\">{\"@context\":\"https:\\\/\\\/schema.org\",\"@graph\":[{\"@type\":\"WebPage\",\"@id\":\"https:\\\/\\\/mail.swiss-animal-protection.ch\\\/fr\\\/detention-des-animaux\\\/animaux-de-rente\\\/bovins\\\/\",\"url\":\"https:\\\/\\\/mail.swiss-animal-protection.ch\\\/fr\\\/detention-des-animaux\\\/animaux-de-rente\\\/bovins\\\/\",\"name\":\"Bovins - Protection Suisse des Animaux PSA\",\"isPartOf\":{\"@id\":\"https:\\\/\\\/tierschutz.com\\\/fr\\\/#website\"},\"primaryImageOfPage\":{\"@id\":\"https:\\\/\\\/mail.swiss-animal-protection.ch\\\/fr\\\/detention-des-animaux\\\/animaux-de-rente\\\/bovins\\\/#primaryimage\"},\"image\":{\"@id\":\"https:\\\/\\\/mail.swiss-animal-protection.ch\\\/fr\\\/detention-des-animaux\\\/animaux-de-rente\\\/bovins\\\/#primaryimage\"},\"thumbnailUrl\":\"https:\\\/\\\/tierschutz.com\\\/app\\\/uploads\\\/2023\\\/05\\\/STS-Rinder-1.jpg\",\"datePublished\":\"2023-05-04T13:24:09+00:00\",\"dateModified\":\"2025-11-20T14:36:51+00:00\",\"breadcrumb\":{\"@id\":\"https:\\\/\\\/mail.swiss-animal-protection.ch\\\/fr\\\/detention-des-animaux\\\/animaux-de-rente\\\/bovins\\\/#breadcrumb\"},\"inLanguage\":\"fr-FR\",\"potentialAction\":[{\"@type\":\"ReadAction\",\"target\":[\"https:\\\/\\\/mail.swiss-animal-protection.ch\\\/fr\\\/detention-des-animaux\\\/animaux-de-rente\\\/bovins\\\/\"]}]},{\"@type\":\"ImageObject\",\"inLanguage\":\"fr-FR\",\"@id\":\"https:\\\/\\\/mail.swiss-animal-protection.ch\\\/fr\\\/detention-des-animaux\\\/animaux-de-rente\\\/bovins\\\/#primaryimage\",\"url\":\"https:\\\/\\\/tierschutz.com\\\/app\\\/uploads\\\/2023\\\/05\\\/STS-Rinder-1.jpg\",\"contentUrl\":\"https:\\\/\\\/tierschutz.com\\\/app\\\/uploads\\\/2023\\\/05\\\/STS-Rinder-1.jpg\"},{\"@type\":\"BreadcrumbList\",\"@id\":\"https:\\\/\\\/mail.swiss-animal-protection.ch\\\/fr\\\/detention-des-animaux\\\/animaux-de-rente\\\/bovins\\\/#breadcrumb\",\"itemListElement\":[{\"@type\":\"ListItem\",\"position\":1,\"name\":\"Page d\u2019accueil\",\"item\":\"https:\\\/\\\/tierschutz.com\\\/fr\\\/\"},{\"@type\":\"ListItem\",\"position\":2,\"name\":\"D\u00e9tention des animaux\",\"item\":\"https:\\\/\\\/mail.schweizer-tierschutz-sts.ch\\\/fr\\\/detention-des-animaux\\\/\"},{\"@type\":\"ListItem\",\"position\":3,\"name\":\"Animaux de rente\",\"item\":\"https:\\\/\\\/tierschutz.com\\\/fr\\\/detention-des-animaux\\\/animaux-de-rente\\\/\"},{\"@type\":\"ListItem\",\"position\":4,\"name\":\"Bovins\"}]},{\"@type\":\"WebSite\",\"@id\":\"https:\\\/\\\/tierschutz.com\\\/fr\\\/#website\",\"url\":\"https:\\\/\\\/tierschutz.com\\\/fr\\\/\",\"name\":\"tierschutz.com\",\"description\":\"Wir setzen uns f\u00fcr das Wohl der Tiere ein.\",\"publisher\":{\"@id\":\"https:\\\/\\\/tierschutz.com\\\/fr\\\/#organization\"},\"alternateName\":\"Schweizer Tierschutz STS\",\"potentialAction\":[{\"@type\":\"SearchAction\",\"target\":{\"@type\":\"EntryPoint\",\"urlTemplate\":\"https:\\\/\\\/tierschutz.com\\\/fr\\\/?s={search_term_string}\"},\"query-input\":{\"@type\":\"PropertyValueSpecification\",\"valueRequired\":true,\"valueName\":\"search_term_string\"}}],\"inLanguage\":\"fr-FR\"},{\"@type\":\"Organization\",\"@id\":\"https:\\\/\\\/tierschutz.com\\\/fr\\\/#organization\",\"name\":\"Schweizer Tierschutz STS\",\"alternateName\":\"STS\",\"url\":\"https:\\\/\\\/tierschutz.com\\\/fr\\\/\",\"logo\":{\"@type\":\"ImageObject\",\"inLanguage\":\"fr-FR\",\"@id\":\"https:\\\/\\\/tierschutz.com\\\/fr\\\/#\\\/schema\\\/logo\\\/image\\\/\",\"url\":\"https:\\\/\\\/mail.swiss-animal-protection.ch\\\/app\\\/uploads\\\/2024\\\/04\\\/logo-schweizer-tierschutz-sts-1.svg\",\"contentUrl\":\"https:\\\/\\\/mail.swiss-animal-protection.ch\\\/app\\\/uploads\\\/2024\\\/04\\\/logo-schweizer-tierschutz-sts-1.svg\",\"caption\":\"Schweizer Tierschutz STS\"},\"image\":{\"@id\":\"https:\\\/\\\/tierschutz.com\\\/fr\\\/#\\\/schema\\\/logo\\\/image\\\/\"},\"sameAs\":[\"https:\\\/\\\/www.facebook.com\\\/schweizertierschutz\\\/\",\"https:\\\/\\\/www.instagram.com\\\/schweizertierschutzsts\\\/\",\"https:\\\/\\\/www.youtube.com\\\/@STS_Tierschutz\",\"https:\\\/\\\/www.linkedin.com\\\/company\\\/schweizertierschutzsts\\\/\"],\"description\":\"Der Schweizer Tierschutz STS ist der Dachverband von 71 Tierschutzorganisationen in allen Sprachregionen der Schweiz und in Liechtenstein. Seine Mitarbeitenden leisten wissenschaftlich fundierte Grundlagenarbeit, setzen sich mit Projekten und Aktionen f\u00fcr den Schutz und das Wohlbefinden von Heim-, Wild-, Nutz- und Versuchstieren ein und sensibilisieren die \u00d6ffentlichkeit f\u00fcr Tierschutzthemen.\",\"email\":\"sts@tierschutz.com\",\"telephone\":\"061 365 99 99\",\"legalName\":\"Schweizer Tierschutz STS\"}]}<\/script>\n<!-- \/ Yoast SEO Premium plugin. -->","yoast_head_json":{"title":"Bovins - Protection Suisse des Animaux PSA","robots":{"index":"index","follow":"follow","max-snippet":"max-snippet:-1","max-image-preview":"max-image-preview:large","max-video-preview":"max-video-preview:-1"},"canonical":"https:\/\/mail.swiss-animal-protection.ch\/fr\/detention-des-animaux\/animaux-de-rente\/bovins\/","og_locale":"fr_FR","og_type":"article","og_title":"Bovins","og_url":"https:\/\/mail.swiss-animal-protection.ch\/fr\/detention-des-animaux\/animaux-de-rente\/bovins\/","og_site_name":"Protection Suisse des Animaux PSA","article_publisher":"https:\/\/www.facebook.com\/schweizertierschutz\/","article_modified_time":"2025-11-20T14:36:51+00:00","og_image":[{"url":"https:\/\/tierschutz.com\/app\/uploads\/2023\/05\/STS-Rinder-1.jpg","type":"","width":"","height":""}],"twitter_card":"summary_large_image","twitter_misc":{"Dur\u00e9e de lecture estim\u00e9e":"1 minute"},"schema":{"@context":"https:\/\/schema.org","@graph":[{"@type":"WebPage","@id":"https:\/\/mail.swiss-animal-protection.ch\/fr\/detention-des-animaux\/animaux-de-rente\/bovins\/","url":"https:\/\/mail.swiss-animal-protection.ch\/fr\/detention-des-animaux\/animaux-de-rente\/bovins\/","name":"Bovins - Protection Suisse des Animaux PSA","isPartOf":{"@id":"https:\/\/tierschutz.com\/fr\/#website"},"primaryImageOfPage":{"@id":"https:\/\/mail.swiss-animal-protection.ch\/fr\/detention-des-animaux\/animaux-de-rente\/bovins\/#primaryimage"},"image":{"@id":"https:\/\/mail.swiss-animal-protection.ch\/fr\/detention-des-animaux\/animaux-de-rente\/bovins\/#primaryimage"},"thumbnailUrl":"https:\/\/tierschutz.com\/app\/uploads\/2023\/05\/STS-Rinder-1.jpg","datePublished":"2023-05-04T13:24:09+00:00","dateModified":"2025-11-20T14:36:51+00:00","breadcrumb":{"@id":"https:\/\/mail.swiss-animal-protection.ch\/fr\/detention-des-animaux\/animaux-de-rente\/bovins\/#breadcrumb"},"inLanguage":"fr-FR","potentialAction":[{"@type":"ReadAction","target":["https:\/\/mail.swiss-animal-protection.ch\/fr\/detention-des-animaux\/animaux-de-rente\/bovins\/"]}]},{"@type":"ImageObject","inLanguage":"fr-FR","@id":"https:\/\/mail.swiss-animal-protection.ch\/fr\/detention-des-animaux\/animaux-de-rente\/bovins\/#primaryimage","url":"https:\/\/tierschutz.com\/app\/uploads\/2023\/05\/STS-Rinder-1.jpg","contentUrl":"https:\/\/tierschutz.com\/app\/uploads\/2023\/05\/STS-Rinder-1.jpg"},{"@type":"BreadcrumbList","@id":"https:\/\/mail.swiss-animal-protection.ch\/fr\/detention-des-animaux\/animaux-de-rente\/bovins\/#breadcrumb","itemListElement":[{"@type":"ListItem","position":1,"name":"Page d\u2019accueil","item":"https:\/\/tierschutz.com\/fr\/"},{"@type":"ListItem","position":2,"name":"D\u00e9tention des animaux","item":"https:\/\/mail.schweizer-tierschutz-sts.ch\/fr\/detention-des-animaux\/"},{"@type":"ListItem","position":3,"name":"Animaux de rente","item":"https:\/\/tierschutz.com\/fr\/detention-des-animaux\/animaux-de-rente\/"},{"@type":"ListItem","position":4,"name":"Bovins"}]},{"@type":"WebSite","@id":"https:\/\/tierschutz.com\/fr\/#website","url":"https:\/\/tierschutz.com\/fr\/","name":"tierschutz.com","description":"Wir setzen uns f\u00fcr das Wohl der Tiere ein.","publisher":{"@id":"https:\/\/tierschutz.com\/fr\/#organization"},"alternateName":"Schweizer Tierschutz STS","potentialAction":[{"@type":"SearchAction","target":{"@type":"EntryPoint","urlTemplate":"https:\/\/tierschutz.com\/fr\/?s={search_term_string}"},"query-input":{"@type":"PropertyValueSpecification","valueRequired":true,"valueName":"search_term_string"}}],"inLanguage":"fr-FR"},{"@type":"Organization","@id":"https:\/\/tierschutz.com\/fr\/#organization","name":"Schweizer Tierschutz STS","alternateName":"STS","url":"https:\/\/tierschutz.com\/fr\/","logo":{"@type":"ImageObject","inLanguage":"fr-FR","@id":"https:\/\/tierschutz.com\/fr\/#\/schema\/logo\/image\/","url":"https:\/\/mail.swiss-animal-protection.ch\/app\/uploads\/2024\/04\/logo-schweizer-tierschutz-sts-1.svg","contentUrl":"https:\/\/mail.swiss-animal-protection.ch\/app\/uploads\/2024\/04\/logo-schweizer-tierschutz-sts-1.svg","caption":"Schweizer Tierschutz STS"},"image":{"@id":"https:\/\/tierschutz.com\/fr\/#\/schema\/logo\/image\/"},"sameAs":["https:\/\/www.facebook.com\/schweizertierschutz\/","https:\/\/www.instagram.com\/schweizertierschutzsts\/","https:\/\/www.youtube.com\/@STS_Tierschutz","https:\/\/www.linkedin.com\/company\/schweizertierschutzsts\/"],"description":"Der Schweizer Tierschutz STS ist der Dachverband von 71 Tierschutzorganisationen in allen Sprachregionen der Schweiz und in Liechtenstein. Seine Mitarbeitenden leisten wissenschaftlich fundierte Grundlagenarbeit, setzen sich mit Projekten und Aktionen f\u00fcr den Schutz und das Wohlbefinden von Heim-, Wild-, Nutz- und Versuchstieren ein und sensibilisieren die \u00d6ffentlichkeit f\u00fcr Tierschutzthemen.","email":"sts@tierschutz.com","telephone":"061 365 99 99","legalName":"Schweizer Tierschutz STS"}]}},"_links":{"self":[{"href":"https:\/\/mail.swiss-animal-protection.ch\/fr\/wp-json\/wp\/v2\/pages\/18407","targetHints":{"allow":["GET"]}}],"collection":[{"href":"https:\/\/mail.swiss-animal-protection.ch\/fr\/wp-json\/wp\/v2\/pages"}],"about":[{"href":"https:\/\/mail.swiss-animal-protection.ch\/fr\/wp-json\/wp\/v2\/types\/page"}],"author":[{"embeddable":true,"href":"https:\/\/mail.swiss-animal-protection.ch\/fr\/wp-json\/wp\/v2\/users\/5"}],"replies":[{"embeddable":true,"href":"https:\/\/mail.swiss-animal-protection.ch\/fr\/wp-json\/wp\/v2\/comments?post=18407"}],"version-history":[{"count":3,"href":"https:\/\/mail.swiss-animal-protection.ch\/fr\/wp-json\/wp\/v2\/pages\/18407\/revisions"}],"predecessor-version":[{"id":35220,"href":"https:\/\/mail.swiss-animal-protection.ch\/fr\/wp-json\/wp\/v2\/pages\/18407\/revisions\/35220"}],"up":[{"embeddable":true,"href":"https:\/\/mail.swiss-animal-protection.ch\/fr\/wp-json\/wp\/v2\/pages\/5045"}],"wp:attachment":[{"href":"https:\/\/mail.swiss-animal-protection.ch\/fr\/wp-json\/wp\/v2\/media?parent=18407"}],"curies":[{"name":"wp","href":"https:\/\/api.w.org\/{rel}","templated":true}]}}