{"id":26480,"date":"2024-08-27T08:25:25","date_gmt":"2024-08-27T06:25:25","guid":{"rendered":"https:\/\/tierschutz.com\/la-psa\/association\/emplois\/fachpersonen-fuer-kontrollen-von-landwirtschaftlichen-tierhaltungen-tiertransporten-und-schlachthoefen\/"},"modified":"2024-08-27T08:32:54","modified_gmt":"2024-08-27T06:32:54","slug":"fachpersonen-fuer-kontrollen-von-landwirtschaftlichen-tierhaltungen-tiertransporten-und-schlachthoefen","status":"publish","type":"page","link":"https:\/\/mail.swiss-animal-protection.ch\/fr\/la-psa\/association\/emplois\/fachpersonen-fuer-kontrollen-von-landwirtschaftlichen-tierhaltungen-tiertransporten-und-schlachthoefen\/","title":{"rendered":"Sp\u00e9cialiste pour les contr\u00f4les de d\u00e9tention, de transports de b\u00e9tail et d&#8217;abattoirs"},"content":{"rendered":"\n<div class=\"wp-block-group alignfull has-background-background-color has-background is-layout-constrained wp-block-group-is-layout-constrained\">\n<div class=\"wp-block-group is-content-justification-center is-layout-constrained wp-container-core-group-is-layout-84a809c4 wp-block-group-is-layout-constrained\"><div class=\"yoast-breadcrumbs\"><span><span><a href=\"https:\/\/mail.schweizer-tierschutz.ch\/fr\/\">Page d\u2019accueil<\/a><\/span> \u00bb <span><a href=\"https:\/\/mail.swiss-animal-protection.ch\/fr\/la-psa\/\">La PSA<\/a><\/span> \u00bb <span><a href=\"https:\/\/mail.swiss-animal-protection.ch\/fr\/la-psa\/association\/\">Association<\/a><\/span> \u00bb <span><a href=\"https:\/\/tierschutz.com\/fr\/la-psa\/association\/emplois\/\">Emplois<\/a><\/span> \u00bb <span class=\"breadcrumb_last\" aria-current=\"page\">Sp\u00e9cialiste pour les contr\u00f4les de d\u00e9tention, de transports de b\u00e9tail et d&#8217;abattoirs<\/span><\/span><\/div>\n\n\n<p>La\u00a0<strong>Protection Suisse des Animaux PSA\u00a0<\/strong>est l&#8217;organisation fa\u00eeti\u00e8re de 71 associations suisses de protection des animaux ainsi que de l&#8217;association de protection des animaux du Liechtenstein. La PSA, dont le si\u00e8ge est \u00e0 B\u00e2le, est l&#8217;interlocuteur de la Conf\u00e9d\u00e9ration et des cantons. Elle s&#8217;engage dans tous les domaines ainsi qu&#8217;\u00e0 tous les niveaux pour les animaux et leur protection. Le\u00a0<strong>Service de contr\u00f4le de la PSA<\/strong>\u00a0est l&#8217;instance d&#8217;inspection et d&#8217;expertise ind\u00e9pendante et cr\u00e9dible de la Protection Suisse des Animaux PSA.<\/p>\n\n\n\n<p>Pour compl\u00e9ter notre \u00e9quipe, nous cherchons pour le\u00a0<strong>01.01.2025 ou \u00e0 convenir<\/strong>\u00a0un\/une<\/p>\n<\/div>\n\n\n\n<h1 class=\"wp-block-heading has-text-align-center\" id=\"h-specialiste-pour-les-controles-de-detention-de-transports-de-betail-et-d-abattoirs-taux-d-activite-60-100\"><strong>Sp\u00e9cialiste pour les contr\u00f4les de d\u00e9tention, de transports de b\u00e9tail et d&#8217;abattoirs<br>(taux d&#8217;activit\u00e9 60\u2013100%)<\/strong><\/h1>\n\n\n\n<hr class=\"wp-block-separator has-text-color has-primary-color has-alpha-channel-opacity has-primary-background-color has-background\"\/>\n\n\n\n<div class=\"wp-block-group is-content-justification-center is-layout-constrained wp-container-core-group-is-layout-84a809c4 wp-block-group-is-layout-constrained\">\n<h3 class=\"wp-block-heading\" id=\"h-vos-taches\"><strong>Vos t\u00e2ches:<\/strong><\/h3>\n\n\n\n<ul class=\"wp-block-list\">\n<li>La planification, la pr\u00e9paration et la r\u00e9alisation des contr\u00f4les ainsi que le suivi des documents de contr\u00f4le sur la base de nos directives d&#8217;assurance qualit\u00e9.<\/li>\n\n\n\n<li>La r\u00e9alisation de contr\u00f4les inopin\u00e9s de d\u00e9tention d&#8217;animaux dans le cadre de programmes de label renomm\u00e9s en Suisse.<\/li>\n\n\n\n<li>Le contr\u00f4le autonome ou en commun de transports d&#8217;animaux dans toute la Suisse. Cette activit\u00e9 comprend \u00e9galement des interventions de nuit.<\/li>\n\n\n\n<li>La r\u00e9alisation d&#8217;audit d&#8217;abattoir dans toute la Suisse en autonomie ou en \u00e9quipe. Cette activit\u00e9 exige souvent des interventions de nuit.<\/li>\n<\/ul>\n\n\n\n<h3 class=\"wp-block-heading\" id=\"h-votre-profil\"><strong><strong>Votre profil:<\/strong><\/strong><\/h3>\n\n\n\n<ul class=\"wp-block-list\">\n<li>La protection des animaux vous tient \u00e0 c\u0153ur.<\/li>\n\n\n\n<li>Vous connaissez les pratiques agricoles suisses, en particulier la d\u00e9tention animale et vous dirigez vous-m\u00eame une exploitation agricole, ou vous avez \u00e9tudi\u00e9 l&#8217;agronomie, la m\u00e9decine v\u00e9t\u00e9rinaire ou une discipline similaire.<\/li>\n\n\n\n<li>Vous disposez d&#8217;une longue exp\u00e9rience et\/ou d&#8217;une formation dans le domaine de la d\u00e9tention animale, du transport de b\u00e9tail, des abattoirs, du comportement animal, du jugement des animaux ou dans un domaine comparable.<\/li>\n\n\n\n<li>Vous \u00eates capable de travailler en \u00e9quipe, de supporter le stress et d&#8217;\u00eatre ouvert \u00e0 la nouveaut\u00e9, vous savez vous imposer et vous avez le sens des relations humaines.<\/li>\n\n\n\n<li>Vous poss\u00e9dez de bonnes connaissances en allemand et en fran\u00e7ais \u00e0 l&#8217;oral comme \u00e0 l&#8217;\u00e9crit, des connaissances en italien sont un avantage.<\/li>\n\n\n\n<li>Vous \u00eates organis\u00e9(e), avez une bonne ma\u00eetrise de la langue et \u00eates pr\u00eat(e) \u00e0 participer \u00e0 des projets.<\/li>\n\n\n\n<li>Vous avez de tr\u00e8s bonnes connaissances en informatique.<\/li>\n\n\n\n<li>Vous poss\u00e9dez un permis de conduire cat\u00e9gorie B et poss\u00e9dez votre propre voiture.<\/li>\n<\/ul>\n\n\n\n<h3 class=\"wp-block-heading\" id=\"h-vous-chances\"><strong>Vous chances:<\/strong><\/h3>\n\n\n\n<ul class=\"wp-block-list\">\n<li>Nous vous proposons un travail int\u00e9ressant, ind\u00e9pendant et largement autonome, ainsi qu&#8217;une certaine flexibilit\u00e9 dans l&#8217;organisation de votre travail.<\/li>\n\n\n\n<li>Il est possible d&#8217;assumer davantage de responsabilit\u00e9s dans le cadre des travaux de projet et en tant que suppl\u00e9ant des responsables de secteur.\u00a0<\/li>\n\n\n\n<li>Nous vous accueillons au sein d&#8217;une \u00e9quipe professionnelle et motiv\u00e9e et vous soutenons dans votre travail quotidien via des contacts \u00e9troits, un soutien professionnel et des possibilit\u00e9s de formation continue interne et externe.<\/li>\n\n\n\n<li>Votre lieu de travail est votre bureau \u00e0 la maison, votre voiture et toute la Suisse.<\/li>\n<\/ul>\n\n\n\n<hr class=\"wp-block-separator has-text-color has-primary-color has-alpha-channel-opacity has-primary-background-color has-background\"\/>\n\n\n\n<p>Pour plus d&#8217;informations, Madame Jessica Wagner (kontrolldienst@tierschutz.com) se tient \u00e0 votre disposition.<\/p>\n\n\n\n<p>Nous vous prions de faire parvenir votre dossier complet par e-mail \u00e0 l&#8217;adresse: <a href=\"mailto:bewerbung@tierschutz.com\">bewerbung@tierschutz.com<\/a>\u00a0\/ Marion M\u00fcnzenmeier.<\/p>\n\n\n\n<p>SCHWEIZER TIERSCHUTZ STS<br>Marion M\u00fcnzenmeier, Personalb\u00fcro<br>Hungerb\u00fcelstrasse 22<br>8500 Frauenfeld<\/p>\n<\/div>\n<\/div>\n","protected":false},"excerpt":{"rendered":"<p>Zur Erg\u00e4nzung unseres Fachbereiches suchen wir per 1.6.2024 oder nach Vereinbarung eine\/n\u00a0Wildtierspezialistin oder Wildtierspezialisten (90\u2013100%-Pensum)<\/p>\n","protected":false},"author":5,"featured_media":0,"parent":4543,"menu_order":245,"comment_status":"closed","ping_status":"closed","template":"","meta":{"_acf_changed":false,"inline_featured_image":false,"_vp_format_video_url":"","_vp_image_focal_point":[],"footnotes":""},"class_list":["post-26480","page","type-page","status-publish","hentry"],"acf":[],"yoast_head":"<!-- This site is optimized with the Yoast SEO Premium plugin v27.4 (Yoast SEO v27.4) - https:\/\/yoast.com\/product\/yoast-seo-premium-wordpress\/ -->\n<title>Sp\u00e9cialiste pour les contr\u00f4les de d\u00e9tention, de transports de b\u00e9tail et d&#039;abattoirs - Protection Suisse des Animaux PSA<\/title>\n<meta name=\"description\" content=\"Zur Erg\u00e4nzung unseres Teams suchen wir per 01.01.2025 oder nach VereinbarungFachpersonen f\u00fcr Kontrollen von landwirtschaftlichen Tierhaltungen, Tiertransporten und Schlachth\u00f6fen(60\u2013100%-Pensum)\" \/>\n<meta name=\"robots\" content=\"index, follow, max-snippet:-1, max-image-preview:large, max-video-preview:-1\" \/>\n<link rel=\"canonical\" href=\"https:\/\/mail.swiss-animal-protection.ch\/fr\/la-psa\/association\/emplois\/fachpersonen-fuer-kontrollen-von-landwirtschaftlichen-tierhaltungen-tiertransporten-und-schlachthoefen\/\" \/>\n<meta property=\"og:locale\" content=\"fr_FR\" \/>\n<meta property=\"og:type\" content=\"article\" \/>\n<meta property=\"og:title\" content=\"Sp\u00e9cialiste pour les contr\u00f4les de d\u00e9tention, de transports de b\u00e9tail et d&#039;abattoirs\" \/>\n<meta property=\"og:description\" content=\"Zur Erg\u00e4nzung unseres Teams suchen wir per 01.01.2025 oder nach VereinbarungFachpersonen f\u00fcr Kontrollen von landwirtschaftlichen Tierhaltungen, Tiertransporten und Schlachth\u00f6fen(60\u2013100%-Pensum)\" \/>\n<meta property=\"og:url\" content=\"https:\/\/mail.swiss-animal-protection.ch\/fr\/la-psa\/association\/emplois\/fachpersonen-fuer-kontrollen-von-landwirtschaftlichen-tierhaltungen-tiertransporten-und-schlachthoefen\/\" \/>\n<meta property=\"og:site_name\" content=\"Protection Suisse des Animaux PSA\" \/>\n<meta property=\"article:publisher\" content=\"https:\/\/www.facebook.com\/schweizertierschutz\/\" \/>\n<meta property=\"article:modified_time\" content=\"2024-08-27T06:32:54+00:00\" \/>\n<meta name=\"twitter:card\" content=\"summary_large_image\" \/>\n<meta name=\"twitter:label1\" content=\"Dur\u00e9e de lecture estim\u00e9e\" \/>\n\t<meta name=\"twitter:data1\" content=\"3 minutes\" \/>\n<script type=\"application\/ld+json\" class=\"yoast-schema-graph\">{\"@context\":\"https:\\\/\\\/schema.org\",\"@graph\":[{\"@type\":\"WebPage\",\"@id\":\"https:\\\/\\\/mail.swiss-animal-protection.ch\\\/fr\\\/la-psa\\\/association\\\/emplois\\\/fachpersonen-fuer-kontrollen-von-landwirtschaftlichen-tierhaltungen-tiertransporten-und-schlachthoefen\\\/\",\"url\":\"https:\\\/\\\/mail.swiss-animal-protection.ch\\\/fr\\\/la-psa\\\/association\\\/emplois\\\/fachpersonen-fuer-kontrollen-von-landwirtschaftlichen-tierhaltungen-tiertransporten-und-schlachthoefen\\\/\",\"name\":\"Sp\u00e9cialiste pour les contr\u00f4les de d\u00e9tention, de transports de b\u00e9tail et d'abattoirs - Protection Suisse des Animaux PSA\",\"isPartOf\":{\"@id\":\"https:\\\/\\\/sts-psa.ch\\\/fr\\\/#website\"},\"datePublished\":\"2024-08-27T06:25:25+00:00\",\"dateModified\":\"2024-08-27T06:32:54+00:00\",\"description\":\"Zur Erg\u00e4nzung unseres Teams suchen wir per 01.01.2025 oder nach VereinbarungFachpersonen f\u00fcr Kontrollen von landwirtschaftlichen Tierhaltungen, Tiertransporten und Schlachth\u00f6fen(60\u2013100%-Pensum)\",\"breadcrumb\":{\"@id\":\"https:\\\/\\\/mail.swiss-animal-protection.ch\\\/fr\\\/la-psa\\\/association\\\/emplois\\\/fachpersonen-fuer-kontrollen-von-landwirtschaftlichen-tierhaltungen-tiertransporten-und-schlachthoefen\\\/#breadcrumb\"},\"inLanguage\":\"fr-FR\",\"potentialAction\":[{\"@type\":\"ReadAction\",\"target\":[\"https:\\\/\\\/mail.swiss-animal-protection.ch\\\/fr\\\/la-psa\\\/association\\\/emplois\\\/fachpersonen-fuer-kontrollen-von-landwirtschaftlichen-tierhaltungen-tiertransporten-und-schlachthoefen\\\/\"]}]},{\"@type\":\"BreadcrumbList\",\"@id\":\"https:\\\/\\\/mail.swiss-animal-protection.ch\\\/fr\\\/la-psa\\\/association\\\/emplois\\\/fachpersonen-fuer-kontrollen-von-landwirtschaftlichen-tierhaltungen-tiertransporten-und-schlachthoefen\\\/#breadcrumb\",\"itemListElement\":[{\"@type\":\"ListItem\",\"position\":1,\"name\":\"Page d\u2019accueil\",\"item\":\"https:\\\/\\\/mail.schweizer-tierschutz.ch\\\/fr\\\/\"},{\"@type\":\"ListItem\",\"position\":2,\"name\":\"La PSA\",\"item\":\"https:\\\/\\\/mail.swiss-animal-protection.ch\\\/fr\\\/la-psa\\\/\"},{\"@type\":\"ListItem\",\"position\":3,\"name\":\"Association\",\"item\":\"https:\\\/\\\/mail.swiss-animal-protection.ch\\\/fr\\\/la-psa\\\/association\\\/\"},{\"@type\":\"ListItem\",\"position\":4,\"name\":\"Emplois\",\"item\":\"https:\\\/\\\/tierschutz.com\\\/fr\\\/la-psa\\\/association\\\/emplois\\\/\"},{\"@type\":\"ListItem\",\"position\":5,\"name\":\"Sp\u00e9cialiste pour les contr\u00f4les de d\u00e9tention, de transports de b\u00e9tail et d&#8217;abattoirs\"}]},{\"@type\":\"WebSite\",\"@id\":\"https:\\\/\\\/sts-psa.ch\\\/fr\\\/#website\",\"url\":\"https:\\\/\\\/sts-psa.ch\\\/fr\\\/\",\"name\":\"tierschutz.com\",\"description\":\"Wir setzen uns f\u00fcr das Wohl der Tiere ein.\",\"publisher\":{\"@id\":\"https:\\\/\\\/sts-psa.ch\\\/fr\\\/#organization\"},\"alternateName\":\"Schweizer Tierschutz STS\",\"potentialAction\":[{\"@type\":\"SearchAction\",\"target\":{\"@type\":\"EntryPoint\",\"urlTemplate\":\"https:\\\/\\\/sts-psa.ch\\\/fr\\\/?s={search_term_string}\"},\"query-input\":{\"@type\":\"PropertyValueSpecification\",\"valueRequired\":true,\"valueName\":\"search_term_string\"}}],\"inLanguage\":\"fr-FR\"},{\"@type\":\"Organization\",\"@id\":\"https:\\\/\\\/sts-psa.ch\\\/fr\\\/#organization\",\"name\":\"Schweizer Tierschutz STS\",\"alternateName\":\"STS\",\"url\":\"https:\\\/\\\/sts-psa.ch\\\/fr\\\/\",\"logo\":{\"@type\":\"ImageObject\",\"inLanguage\":\"fr-FR\",\"@id\":\"https:\\\/\\\/sts-psa.ch\\\/fr\\\/#\\\/schema\\\/logo\\\/image\\\/\",\"url\":\"https:\\\/\\\/mail.swiss-animal-protection.ch\\\/app\\\/uploads\\\/2024\\\/04\\\/logo-schweizer-tierschutz-sts-1.svg\",\"contentUrl\":\"https:\\\/\\\/mail.swiss-animal-protection.ch\\\/app\\\/uploads\\\/2024\\\/04\\\/logo-schweizer-tierschutz-sts-1.svg\",\"caption\":\"Schweizer Tierschutz STS\"},\"image\":{\"@id\":\"https:\\\/\\\/sts-psa.ch\\\/fr\\\/#\\\/schema\\\/logo\\\/image\\\/\"},\"sameAs\":[\"https:\\\/\\\/www.facebook.com\\\/schweizertierschutz\\\/\",\"https:\\\/\\\/www.instagram.com\\\/schweizertierschutzsts\\\/\",\"https:\\\/\\\/www.youtube.com\\\/@STS_Tierschutz\",\"https:\\\/\\\/www.linkedin.com\\\/company\\\/schweizertierschutzsts\\\/\"],\"description\":\"Der Schweizer Tierschutz STS ist der Dachverband von 71 Tierschutzorganisationen in allen Sprachregionen der Schweiz und in Liechtenstein. Seine Mitarbeitenden leisten wissenschaftlich fundierte Grundlagenarbeit, setzen sich mit Projekten und Aktionen f\u00fcr den Schutz und das Wohlbefinden von Heim-, Wild-, Nutz- und Versuchstieren ein und sensibilisieren die \u00d6ffentlichkeit f\u00fcr Tierschutzthemen.\",\"email\":\"sts@tierschutz.com\",\"telephone\":\"061 365 99 99\",\"legalName\":\"Schweizer Tierschutz STS\"}]}<\/script>\n<!-- \/ Yoast SEO Premium plugin. -->","yoast_head_json":{"title":"Sp\u00e9cialiste pour les contr\u00f4les de d\u00e9tention, de transports de b\u00e9tail et d'abattoirs - Protection Suisse des Animaux PSA","description":"Zur Erg\u00e4nzung unseres Teams suchen wir per 01.01.2025 oder nach VereinbarungFachpersonen f\u00fcr Kontrollen von landwirtschaftlichen Tierhaltungen, Tiertransporten und Schlachth\u00f6fen(60\u2013100%-Pensum)","robots":{"index":"index","follow":"follow","max-snippet":"max-snippet:-1","max-image-preview":"max-image-preview:large","max-video-preview":"max-video-preview:-1"},"canonical":"https:\/\/mail.swiss-animal-protection.ch\/fr\/la-psa\/association\/emplois\/fachpersonen-fuer-kontrollen-von-landwirtschaftlichen-tierhaltungen-tiertransporten-und-schlachthoefen\/","og_locale":"fr_FR","og_type":"article","og_title":"Sp\u00e9cialiste pour les contr\u00f4les de d\u00e9tention, de transports de b\u00e9tail et d'abattoirs","og_description":"Zur Erg\u00e4nzung unseres Teams suchen wir per 01.01.2025 oder nach VereinbarungFachpersonen f\u00fcr Kontrollen von landwirtschaftlichen Tierhaltungen, Tiertransporten und Schlachth\u00f6fen(60\u2013100%-Pensum)","og_url":"https:\/\/mail.swiss-animal-protection.ch\/fr\/la-psa\/association\/emplois\/fachpersonen-fuer-kontrollen-von-landwirtschaftlichen-tierhaltungen-tiertransporten-und-schlachthoefen\/","og_site_name":"Protection Suisse des Animaux PSA","article_publisher":"https:\/\/www.facebook.com\/schweizertierschutz\/","article_modified_time":"2024-08-27T06:32:54+00:00","twitter_card":"summary_large_image","twitter_misc":{"Dur\u00e9e de lecture estim\u00e9e":"3 minutes"},"schema":{"@context":"https:\/\/schema.org","@graph":[{"@type":"WebPage","@id":"https:\/\/mail.swiss-animal-protection.ch\/fr\/la-psa\/association\/emplois\/fachpersonen-fuer-kontrollen-von-landwirtschaftlichen-tierhaltungen-tiertransporten-und-schlachthoefen\/","url":"https:\/\/mail.swiss-animal-protection.ch\/fr\/la-psa\/association\/emplois\/fachpersonen-fuer-kontrollen-von-landwirtschaftlichen-tierhaltungen-tiertransporten-und-schlachthoefen\/","name":"Sp\u00e9cialiste pour les contr\u00f4les de d\u00e9tention, de transports de b\u00e9tail et d'abattoirs - Protection Suisse des Animaux PSA","isPartOf":{"@id":"https:\/\/sts-psa.ch\/fr\/#website"},"datePublished":"2024-08-27T06:25:25+00:00","dateModified":"2024-08-27T06:32:54+00:00","description":"Zur Erg\u00e4nzung unseres Teams suchen wir per 01.01.2025 oder nach VereinbarungFachpersonen f\u00fcr Kontrollen von landwirtschaftlichen Tierhaltungen, Tiertransporten und Schlachth\u00f6fen(60\u2013100%-Pensum)","breadcrumb":{"@id":"https:\/\/mail.swiss-animal-protection.ch\/fr\/la-psa\/association\/emplois\/fachpersonen-fuer-kontrollen-von-landwirtschaftlichen-tierhaltungen-tiertransporten-und-schlachthoefen\/#breadcrumb"},"inLanguage":"fr-FR","potentialAction":[{"@type":"ReadAction","target":["https:\/\/mail.swiss-animal-protection.ch\/fr\/la-psa\/association\/emplois\/fachpersonen-fuer-kontrollen-von-landwirtschaftlichen-tierhaltungen-tiertransporten-und-schlachthoefen\/"]}]},{"@type":"BreadcrumbList","@id":"https:\/\/mail.swiss-animal-protection.ch\/fr\/la-psa\/association\/emplois\/fachpersonen-fuer-kontrollen-von-landwirtschaftlichen-tierhaltungen-tiertransporten-und-schlachthoefen\/#breadcrumb","itemListElement":[{"@type":"ListItem","position":1,"name":"Page d\u2019accueil","item":"https:\/\/mail.schweizer-tierschutz.ch\/fr\/"},{"@type":"ListItem","position":2,"name":"La PSA","item":"https:\/\/mail.swiss-animal-protection.ch\/fr\/la-psa\/"},{"@type":"ListItem","position":3,"name":"Association","item":"https:\/\/mail.swiss-animal-protection.ch\/fr\/la-psa\/association\/"},{"@type":"ListItem","position":4,"name":"Emplois","item":"https:\/\/tierschutz.com\/fr\/la-psa\/association\/emplois\/"},{"@type":"ListItem","position":5,"name":"Sp\u00e9cialiste pour les contr\u00f4les de d\u00e9tention, de transports de b\u00e9tail et d&#8217;abattoirs"}]},{"@type":"WebSite","@id":"https:\/\/sts-psa.ch\/fr\/#website","url":"https:\/\/sts-psa.ch\/fr\/","name":"tierschutz.com","description":"Wir setzen uns f\u00fcr das Wohl der Tiere ein.","publisher":{"@id":"https:\/\/sts-psa.ch\/fr\/#organization"},"alternateName":"Schweizer Tierschutz STS","potentialAction":[{"@type":"SearchAction","target":{"@type":"EntryPoint","urlTemplate":"https:\/\/sts-psa.ch\/fr\/?s={search_term_string}"},"query-input":{"@type":"PropertyValueSpecification","valueRequired":true,"valueName":"search_term_string"}}],"inLanguage":"fr-FR"},{"@type":"Organization","@id":"https:\/\/sts-psa.ch\/fr\/#organization","name":"Schweizer Tierschutz STS","alternateName":"STS","url":"https:\/\/sts-psa.ch\/fr\/","logo":{"@type":"ImageObject","inLanguage":"fr-FR","@id":"https:\/\/sts-psa.ch\/fr\/#\/schema\/logo\/image\/","url":"https:\/\/mail.swiss-animal-protection.ch\/app\/uploads\/2024\/04\/logo-schweizer-tierschutz-sts-1.svg","contentUrl":"https:\/\/mail.swiss-animal-protection.ch\/app\/uploads\/2024\/04\/logo-schweizer-tierschutz-sts-1.svg","caption":"Schweizer Tierschutz STS"},"image":{"@id":"https:\/\/sts-psa.ch\/fr\/#\/schema\/logo\/image\/"},"sameAs":["https:\/\/www.facebook.com\/schweizertierschutz\/","https:\/\/www.instagram.com\/schweizertierschutzsts\/","https:\/\/www.youtube.com\/@STS_Tierschutz","https:\/\/www.linkedin.com\/company\/schweizertierschutzsts\/"],"description":"Der Schweizer Tierschutz STS ist der Dachverband von 71 Tierschutzorganisationen in allen Sprachregionen der Schweiz und in Liechtenstein. Seine Mitarbeitenden leisten wissenschaftlich fundierte Grundlagenarbeit, setzen sich mit Projekten und Aktionen f\u00fcr den Schutz und das Wohlbefinden von Heim-, Wild-, Nutz- und Versuchstieren ein und sensibilisieren die \u00d6ffentlichkeit f\u00fcr Tierschutzthemen.","email":"sts@tierschutz.com","telephone":"061 365 99 99","legalName":"Schweizer Tierschutz STS"}]}},"_links":{"self":[{"href":"https:\/\/mail.swiss-animal-protection.ch\/fr\/wp-json\/wp\/v2\/pages\/26480","targetHints":{"allow":["GET"]}}],"collection":[{"href":"https:\/\/mail.swiss-animal-protection.ch\/fr\/wp-json\/wp\/v2\/pages"}],"about":[{"href":"https:\/\/mail.swiss-animal-protection.ch\/fr\/wp-json\/wp\/v2\/types\/page"}],"author":[{"embeddable":true,"href":"https:\/\/mail.swiss-animal-protection.ch\/fr\/wp-json\/wp\/v2\/users\/5"}],"replies":[{"embeddable":true,"href":"https:\/\/mail.swiss-animal-protection.ch\/fr\/wp-json\/wp\/v2\/comments?post=26480"}],"version-history":[{"count":2,"href":"https:\/\/mail.swiss-animal-protection.ch\/fr\/wp-json\/wp\/v2\/pages\/26480\/revisions"}],"predecessor-version":[{"id":26486,"href":"https:\/\/mail.swiss-animal-protection.ch\/fr\/wp-json\/wp\/v2\/pages\/26480\/revisions\/26486"}],"up":[{"embeddable":true,"href":"https:\/\/mail.swiss-animal-protection.ch\/fr\/wp-json\/wp\/v2\/pages\/4543"}],"wp:attachment":[{"href":"https:\/\/mail.swiss-animal-protection.ch\/fr\/wp-json\/wp\/v2\/media?parent=26480"}],"curies":[{"name":"wp","href":"https:\/\/api.w.org\/{rel}","templated":true}]}}