{"id":4253,"date":"2023-05-04T11:29:53","date_gmt":"2023-05-04T09:29:53","guid":{"rendered":"https:\/\/dev.tierschutz.com\/?page_id=4253"},"modified":"2026-01-27T16:55:37","modified_gmt":"2026-01-27T15:55:37","slug":"detention-danimaux-de-compagnie","status":"publish","type":"page","link":"https:\/\/mail.swiss-animal-protection.ch\/fr\/detention-des-animaux\/detention-danimaux-de-compagnie\/","title":{"rendered":"D\u00e9tention d\u2019animaux de compagnie"},"content":{"rendered":"\n<div class=\"wp-block-cover alignfull is-light\" style=\"min-height:100vh;aspect-ratio:unset;\"><img loading=\"lazy\" decoding=\"async\" width=\"1416\" height=\"910\" class=\"wp-block-cover__image-background wp-image-1982\" alt=\"Ein weisser Welpe der nach oben Blickt vor einem verschwommenen gr\u00fcnen Hintergrund\" src=\"https:\/\/tierschutz.com\/app\/uploads\/2023\/05\/STS-Hundehaltung-1.jpg\" data-object-fit=\"cover\" srcset=\"https:\/\/mail.swiss-animal-protection.ch\/app\/uploads\/2023\/05\/STS-Hundehaltung-1.jpg 1416w, https:\/\/mail.swiss-animal-protection.ch\/app\/uploads\/2023\/05\/STS-Hundehaltung-1-300x193.jpg 300w, https:\/\/mail.swiss-animal-protection.ch\/app\/uploads\/2023\/05\/STS-Hundehaltung-1-1024x658.jpg 1024w, https:\/\/mail.swiss-animal-protection.ch\/app\/uploads\/2023\/05\/STS-Hundehaltung-1-768x494.jpg 768w\" sizes=\"auto, (max-width: 1416px) 100vw, 1416px\" \/><span aria-hidden=\"true\" class=\"wp-block-cover__background has-background-dim-20 has-background-dim\"><\/span><div class=\"wp-block-cover__inner-container is-layout-flow wp-block-cover-is-layout-flow\">\n<h2 class=\"wp-block-heading has-text-align-center has-background-color has-text-color\" id=\"h-detention-d-animaux-de-compagni-e\"><strong><strong>D\u00e9tention d\u2019animaux de compagni<\/strong><\/strong>e<\/h2>\n<\/div><\/div>\n\n\n\n<div class=\"wp-block-group has-background-background-color has-background is-layout-constrained wp-block-group-is-layout-constrained\"><div class=\"yoast-breadcrumbs\"><span><span><a href=\"https:\/\/tierschutz.com\/fr\/\">Page d\u2019accueil<\/a><\/span> \u00bb <span><a href=\"https:\/\/mail.schweizer-tierschutz-sts.ch\/fr\/detention-des-animaux\/\">D\u00e9tention des animaux<\/a><\/span> \u00bb <span class=\"breadcrumb_last\" aria-current=\"page\">D\u00e9tention d\u2019animaux de compagnie<\/span><\/span><\/div>\n\n\n<div class=\"wp-block-group is-layout-flex wp-container-core-group-is-layout-d0921e6e wp-block-group-is-layout-flex\">\n<div class=\"wp-block-media-text alignwide is-stacked-on-mobile is-style-stacked-shadow no-inset\"><figure class=\"wp-block-media-text__media\"><img loading=\"lazy\" decoding=\"async\" width=\"1024\" height=\"658\" src=\"https:\/\/tierschutz.com\/app\/uploads\/2023\/05\/STS-Heimtierhaltung-1024x658.jpg\" alt=\"Ein brauner Hund der sich auf die beine eines Mannes gelegen hat, jedoch ist das Gesicht undeutlich da der Hintergrund verschwommen ist\" class=\"wp-image-1979 size-full\" srcset=\"https:\/\/mail.swiss-animal-protection.ch\/app\/uploads\/2023\/05\/STS-Heimtierhaltung-1024x658.jpg 1024w, https:\/\/mail.swiss-animal-protection.ch\/app\/uploads\/2023\/05\/STS-Heimtierhaltung-300x193.jpg 300w, https:\/\/mail.swiss-animal-protection.ch\/app\/uploads\/2023\/05\/STS-Heimtierhaltung-768x494.jpg 768w, https:\/\/mail.swiss-animal-protection.ch\/app\/uploads\/2023\/05\/STS-Heimtierhaltung.jpg 1416w\" sizes=\"auto, (max-width: 1024px) 100vw, 1024px\" \/><\/figure><div class=\"wp-block-media-text__content\">\n<h3 class=\"wp-block-heading\" id=\"h-detention-de-chiens\"><strong>D\u00e9tention de chiens<\/strong><\/h3>\n\n\n\n<p>Le meilleur ami de l&#8217;homme: le chien. Depuis des mill\u00e9naires, les quadrup\u00e8des accompagnent l&#8217;homme sur son chemin et font aujourd&#8217;hui encore partie int\u00e9grante de notre soci\u00e9t\u00e9. En Suisse, on compte environ 560 000 chiens et la population totale ne cesse d&#8217;augmenter.<\/p>\n\n\n\n<div class=\"wp-block-buttons is-layout-flex wp-block-buttons-is-layout-flex\">\n<div class=\"wp-block-button\"><a class=\"wp-block-button__link wp-element-button\" href=\"https:\/\/tierschutz.com\/fr\/detention-des-animaux\/detention-danimaux-de-compagnie\/detention-de-chiens\/\">En savoir plus<\/a><\/div>\n<\/div>\n<\/div><\/div>\n\n\n\n<div class=\"wp-block-media-text alignwide is-stacked-on-mobile is-style-stacked-shadow no-inset\"><figure class=\"wp-block-media-text__media\"><img loading=\"lazy\" decoding=\"async\" width=\"1024\" height=\"658\" src=\"https:\/\/tierschutz.com\/app\/uploads\/2023\/05\/STS-Katzenhaltung-1-1024x658.jpg\" alt=\"Zwei Katzen die Hintere ist schwarz-weiss und die Vordere ist orangelich wobei die vordere Katze ihren Kopf auf der schwarz-weissen Katze gelegt hat\" class=\"wp-image-1991 size-full\" srcset=\"https:\/\/mail.swiss-animal-protection.ch\/app\/uploads\/2023\/05\/STS-Katzenhaltung-1-1024x658.jpg 1024w, https:\/\/mail.swiss-animal-protection.ch\/app\/uploads\/2023\/05\/STS-Katzenhaltung-1-300x193.jpg 300w, https:\/\/mail.swiss-animal-protection.ch\/app\/uploads\/2023\/05\/STS-Katzenhaltung-1-768x494.jpg 768w, https:\/\/mail.swiss-animal-protection.ch\/app\/uploads\/2023\/05\/STS-Katzenhaltung-1.jpg 1416w\" sizes=\"auto, (max-width: 1024px) 100vw, 1024px\" \/><\/figure><div class=\"wp-block-media-text__content\">\n<h3 class=\"wp-block-heading\" id=\"h-detention-de-chats\"><strong><strong>D\u00e9tention de chats<\/strong><\/strong><\/h3>\n\n\n\n<p>D\u2019apparence fascinante et ind\u00e9pendant de caract\u00e8re, le chat est l\u2019animal de compagnie le plus populaire en Suisse. On consid\u00e8re que les chats sont faciles \u00e0 vivre et qu\u2019il faut leur consacrer beaucoup moins de temps qu\u2019\u00e0 un chien.<\/p>\n\n\n\n<div class=\"wp-block-buttons is-layout-flex wp-block-buttons-is-layout-flex\">\n<div class=\"wp-block-button\"><a class=\"wp-block-button__link wp-element-button\" href=\"https:\/\/tierschutz.com\/fr\/detention-des-animaux\/detention-danimaux-de-compagnie\/detention-de-chats\/\">En savoir plus<\/a><\/div>\n<\/div>\n<\/div><\/div>\n\n\n\n<div class=\"wp-block-media-text alignwide is-stacked-on-mobile is-style-stacked-shadow no-inset\"><figure class=\"wp-block-media-text__media\"><img loading=\"lazy\" decoding=\"async\" width=\"1024\" height=\"658\" src=\"https:\/\/tierschutz.com\/app\/uploads\/2023\/05\/Nager_Heimtiere_STS-1024x658.jpg\" alt=\"\" class=\"wp-image-1591 size-full\" srcset=\"https:\/\/mail.swiss-animal-protection.ch\/app\/uploads\/2023\/05\/Nager_Heimtiere_STS-1024x658.jpg 1024w, https:\/\/mail.swiss-animal-protection.ch\/app\/uploads\/2023\/05\/Nager_Heimtiere_STS-300x193.jpg 300w, https:\/\/mail.swiss-animal-protection.ch\/app\/uploads\/2023\/05\/Nager_Heimtiere_STS-768x494.jpg 768w, https:\/\/mail.swiss-animal-protection.ch\/app\/uploads\/2023\/05\/Nager_Heimtiere_STS.jpg 1416w\" sizes=\"auto, (max-width: 1024px) 100vw, 1024px\" \/><\/figure><div class=\"wp-block-media-text__content\">\n<h3 class=\"wp-block-heading\" id=\"h-elevage-de-rongeurs-lapins\"><strong><strong>\u00c9levage de rongeurs\/lapins<\/strong><\/strong><\/h3>\n\n\n\n<p>Les lapins et les rongeurs de compagnie comme les cochons d&#8217;Inde, les hamsters ou les degus sont des animaux de compagnie tr\u00e8s appr\u00e9ci\u00e9s, notamment par les familles et les enfants. Pour les rongeurs et les lapins, il est donc particuli\u00e8rement important de s&#8217;informer en d\u00e9tail sur leurs besoins avant de les acqu\u00e9rir.<\/p>\n\n\n\n<div class=\"wp-block-buttons is-layout-flex wp-block-buttons-is-layout-flex\">\n<div class=\"wp-block-button\"><a class=\"wp-block-button__link wp-element-button\" href=\"https:\/\/tierschutz.com\/fr\/detention-des-animaux\/detention-danimaux-de-compagnie\/elevage-de-rongeurs-lapins\/\">En savoir plus<\/a><\/div>\n<\/div>\n<\/div><\/div>\n\n\n\n<div class=\"wp-block-media-text alignwide is-stacked-on-mobile is-style-stacked-shadow no-inset\"><figure class=\"wp-block-media-text__media\"><img decoding=\"async\" src=\"https:\/\/tierschutz.com\/app\/uploads\/2023\/05\/STS-Reptilienhatlung-2-1024x658.jpg\" alt=\"Ein orange-weisses Reptil vor einem verschwommen Hintergrund\" class=\"wp-image-1875 size-full\"\/><\/figure><div class=\"wp-block-media-text__content\">\n<h3 class=\"wp-block-heading\" id=\"h-elevage-de-reptiles\"><strong>\u00c9levage de reptiles<\/strong><\/h3>\n\n\n\n<p>Une peau \u00e9cailleuse et des formes corporelles bizarres. Les reptiles exercent depuis longtemps une fascination sur l&#8217;homme. Il n&#8217;est donc pas \u00e9tonnant que ces animaux aient trouv\u00e9 leur place dans les foyers. Mais \u00e0 quoi faut-il faire attention lorsqu&#8217;on \u00e9l\u00e8ve des reptiles?<\/p>\n\n\n\n<div class=\"wp-block-buttons is-layout-flex wp-block-buttons-is-layout-flex\">\n<div class=\"wp-block-button\"><a class=\"wp-block-button__link wp-element-button\" href=\"https:\/\/tierschutz.com\/fr\/detention-des-animaux\/detention-danimaux-de-compagnie\/detention-de-reptiles\/\">En savoir plus<\/a><\/div>\n<\/div>\n<\/div><\/div>\n\n\n\n<div class=\"wp-block-media-text alignwide is-stacked-on-mobile is-style-stacked-shadow no-inset\"><figure class=\"wp-block-media-text__media\"><img loading=\"lazy\" decoding=\"async\" width=\"1024\" height=\"658\" src=\"https:\/\/tierschutz.com\/app\/uploads\/2023\/05\/STS-Terrarien-1-1024x658.jpg\" alt=\"Ein weiss-braunes Kaninchen in einem Terrarium in einem Schaufenster mit einem Ventilator daneben\" class=\"wp-image-1898 size-full\" srcset=\"https:\/\/mail.swiss-animal-protection.ch\/app\/uploads\/2023\/05\/STS-Terrarien-1-1024x658.jpg 1024w, https:\/\/mail.swiss-animal-protection.ch\/app\/uploads\/2023\/05\/STS-Terrarien-1-300x193.jpg 300w, https:\/\/mail.swiss-animal-protection.ch\/app\/uploads\/2023\/05\/STS-Terrarien-1-768x494.jpg 768w, https:\/\/mail.swiss-animal-protection.ch\/app\/uploads\/2023\/05\/STS-Terrarien-1.jpg 1416w\" sizes=\"auto, (max-width: 1024px) 100vw, 1024px\" \/><\/figure><div class=\"wp-block-media-text__content\">\n<h3 class=\"wp-block-heading\" id=\"h-terrariums\"><strong>Terrariums<\/strong><\/h3>\n\n\n\n<p>L&#8217;essentiel pour l&#8217;\u00e9levage de reptiles est de disposer d&#8217;un terrarium ad\u00e9quat. Si celui-ci est d\u00e9fectueux ou mal install\u00e9, les animaux en souffrent. Avec tant d&#8217;esp\u00e8ces de reptiles, il est donc tr\u00e8s important de bien conna\u00eetre les exigences d&#8217;un terrarium.<\/p>\n\n\n\n<div class=\"wp-block-buttons is-layout-flex wp-block-buttons-is-layout-flex\">\n<div class=\"wp-block-button\"><a class=\"wp-block-button__link wp-element-button\" href=\"https:\/\/tierschutz.com\/fr\/detention-des-animaux\/detention-danimaux-de-compagnie\/terrariums\/\">En savoir plus<\/a><\/div>\n<\/div>\n<\/div><\/div>\n\n\n\n<div class=\"wp-block-media-text alignwide is-stacked-on-mobile is-style-stacked-shadow no-inset\"><figure class=\"wp-block-media-text__media\"><img loading=\"lazy\" decoding=\"async\" width=\"1024\" height=\"658\" src=\"https:\/\/tierschutz.com\/app\/uploads\/2023\/05\/STS-Reisen-mit-Tieren-1-1024x658.jpg\" alt=\"Ein Hund im Meer mit einem gelben Objekt im Mund\" class=\"wp-image-1862 size-full\" srcset=\"https:\/\/mail.swiss-animal-protection.ch\/app\/uploads\/2023\/05\/STS-Reisen-mit-Tieren-1-1024x658.jpg 1024w, https:\/\/mail.swiss-animal-protection.ch\/app\/uploads\/2023\/05\/STS-Reisen-mit-Tieren-1-300x193.jpg 300w, https:\/\/mail.swiss-animal-protection.ch\/app\/uploads\/2023\/05\/STS-Reisen-mit-Tieren-1-768x494.jpg 768w, https:\/\/mail.swiss-animal-protection.ch\/app\/uploads\/2023\/05\/STS-Reisen-mit-Tieren-1.jpg 1416w\" sizes=\"auto, (max-width: 1024px) 100vw, 1024px\" \/><\/figure><div class=\"wp-block-media-text__content\">\n<h3 class=\"wp-block-heading\" id=\"h-voyager-avec-des-animaux\"><strong>Voyager avec des animaux<\/strong><\/h3>\n\n\n\n<p>Si vous souhaitez partir en voyage avec votre animal de compagnie, il est extr\u00eamement important de conna\u00eetre les dispositions et les prescriptions actuelles en mati\u00e8re de voyage avec des animaux en Suisse et \u00e0 l&#8217;\u00e9tranger.<\/p>\n\n\n\n<div class=\"wp-block-buttons is-layout-flex wp-block-buttons-is-layout-flex\">\n<div class=\"wp-block-button\"><a class=\"wp-block-button__link wp-element-button\" href=\"https:\/\/tierschutz.com\/fr\/detention-des-animaux\/detention-danimaux-de-compagnie\/voyager-avec-des-animaux\/\">En savoir plus<\/a><\/div>\n<\/div>\n<\/div><\/div>\n\n\n\n<div class=\"wp-block-media-text alignwide is-stacked-on-mobile is-style-stacked-shadow no-inset\"><figure class=\"wp-block-media-text__media\"><img loading=\"lazy\" decoding=\"async\" width=\"2560\" height=\"1876\" src=\"https:\/\/tierschutz.com\/app\/uploads\/2023\/06\/sts-zoofachhandel-scaled.jpg\" alt=\"\" class=\"wp-image-4926 size-full\" srcset=\"https:\/\/mail.swiss-animal-protection.ch\/app\/uploads\/2023\/06\/sts-zoofachhandel-scaled.jpg 2560w, https:\/\/mail.swiss-animal-protection.ch\/app\/uploads\/2023\/06\/sts-zoofachhandel-300x220.jpg 300w, https:\/\/mail.swiss-animal-protection.ch\/app\/uploads\/2023\/06\/sts-zoofachhandel-1024x751.jpg 1024w, https:\/\/mail.swiss-animal-protection.ch\/app\/uploads\/2023\/06\/sts-zoofachhandel-768x563.jpg 768w, https:\/\/mail.swiss-animal-protection.ch\/app\/uploads\/2023\/06\/sts-zoofachhandel-1536x1126.jpg 1536w, https:\/\/mail.swiss-animal-protection.ch\/app\/uploads\/2023\/06\/sts-zoofachhandel-2048x1501.jpg 2048w\" sizes=\"auto, (max-width: 2560px) 100vw, 2560px\" \/><\/figure><div class=\"wp-block-media-text__content\">\n<h3 class=\"wp-block-heading\" id=\"h-etablissements-zoologiques-et-cie\"><strong>\u00c9tablissements zoologiques et cie<\/strong><\/h3>\n\n\n\n<p><\/p>\n\n\n\n<div class=\"wp-block-buttons is-layout-flex wp-block-buttons-is-layout-flex\">\n<div class=\"wp-block-button\"><a class=\"wp-block-button__link wp-element-button\" href=\"https:\/\/tierschutz.com\/fr\/detention-des-animaux\/detention-danimaux-de-compagnie\/etablissements-zoologiques-et-cie\/\">En savoir plus<\/a><\/div>\n<\/div>\n<\/div><\/div>\n\n\n\n\n<\/div>\n<\/div>\n","protected":false},"excerpt":{"rendered":"<p>D\u00e9tention de chiens Le meilleur ami de l&#8217;homme: le chien. Depuis des mill\u00e9naires, les quadrup\u00e8des accompagnent l&#8217;homme sur son chemin [&hellip;]<\/p>\n","protected":false},"author":5,"featured_media":0,"parent":5043,"menu_order":70,"comment_status":"closed","ping_status":"closed","template":"","meta":{"_acf_changed":false,"inline_featured_image":false,"_vp_format_video_url":"","_vp_image_focal_point":[],"footnotes":""},"class_list":["post-4253","page","type-page","status-publish","hentry"],"acf":[],"yoast_head":"<!-- This site is optimized with the Yoast SEO Premium plugin v27.4 (Yoast SEO v27.4) - https:\/\/yoast.com\/product\/yoast-seo-premium-wordpress\/ -->\n<title>D\u00e9tention d\u2019animaux de compagnie - Protection Suisse des Animaux PSA<\/title>\n<meta name=\"robots\" content=\"index, follow, max-snippet:-1, max-image-preview:large, max-video-preview:-1\" \/>\n<link rel=\"canonical\" href=\"https:\/\/mail.swiss-animal-protection.ch\/fr\/detention-des-animaux\/detention-danimaux-de-compagnie\/\" \/>\n<meta property=\"og:locale\" content=\"fr_FR\" \/>\n<meta property=\"og:type\" content=\"article\" \/>\n<meta property=\"og:title\" content=\"D\u00e9tention d\u2019animaux de compagnie\" \/>\n<meta property=\"og:description\" content=\"D\u00e9tention de chiens Le meilleur ami de l&#8217;homme: le chien. Depuis des mill\u00e9naires, les quadrup\u00e8des accompagnent l&#8217;homme sur son chemin [&hellip;]\" \/>\n<meta property=\"og:url\" content=\"https:\/\/mail.swiss-animal-protection.ch\/fr\/detention-des-animaux\/detention-danimaux-de-compagnie\/\" \/>\n<meta property=\"og:site_name\" content=\"Protection Suisse des Animaux PSA\" \/>\n<meta property=\"article:publisher\" content=\"https:\/\/www.facebook.com\/schweizertierschutz\/\" \/>\n<meta property=\"article:modified_time\" content=\"2026-01-27T15:55:37+00:00\" \/>\n<meta property=\"og:image\" content=\"https:\/\/tierschutz.com\/app\/uploads\/2023\/05\/STS-Hundehaltung-1.jpg\" \/>\n<meta name=\"twitter:card\" content=\"summary_large_image\" \/>\n<meta name=\"twitter:label1\" content=\"Dur\u00e9e de lecture estim\u00e9e\" \/>\n\t<meta name=\"twitter:data1\" content=\"5 minutes\" \/>\n<script type=\"application\/ld+json\" class=\"yoast-schema-graph\">{\"@context\":\"https:\\\/\\\/schema.org\",\"@graph\":[{\"@type\":\"WebPage\",\"@id\":\"https:\\\/\\\/mail.swiss-animal-protection.ch\\\/fr\\\/detention-des-animaux\\\/detention-danimaux-de-compagnie\\\/\",\"url\":\"https:\\\/\\\/mail.swiss-animal-protection.ch\\\/fr\\\/detention-des-animaux\\\/detention-danimaux-de-compagnie\\\/\",\"name\":\"D\u00e9tention d\u2019animaux de compagnie - Protection Suisse des Animaux PSA\",\"isPartOf\":{\"@id\":\"https:\\\/\\\/tierschutz.com\\\/fr\\\/#website\"},\"primaryImageOfPage\":{\"@id\":\"https:\\\/\\\/mail.swiss-animal-protection.ch\\\/fr\\\/detention-des-animaux\\\/detention-danimaux-de-compagnie\\\/#primaryimage\"},\"image\":{\"@id\":\"https:\\\/\\\/mail.swiss-animal-protection.ch\\\/fr\\\/detention-des-animaux\\\/detention-danimaux-de-compagnie\\\/#primaryimage\"},\"thumbnailUrl\":\"https:\\\/\\\/tierschutz.com\\\/app\\\/uploads\\\/2023\\\/05\\\/STS-Hundehaltung-1.jpg\",\"datePublished\":\"2023-05-04T09:29:53+00:00\",\"dateModified\":\"2026-01-27T15:55:37+00:00\",\"breadcrumb\":{\"@id\":\"https:\\\/\\\/mail.swiss-animal-protection.ch\\\/fr\\\/detention-des-animaux\\\/detention-danimaux-de-compagnie\\\/#breadcrumb\"},\"inLanguage\":\"fr-FR\",\"potentialAction\":[{\"@type\":\"ReadAction\",\"target\":[\"https:\\\/\\\/mail.swiss-animal-protection.ch\\\/fr\\\/detention-des-animaux\\\/detention-danimaux-de-compagnie\\\/\"]}]},{\"@type\":\"ImageObject\",\"inLanguage\":\"fr-FR\",\"@id\":\"https:\\\/\\\/mail.swiss-animal-protection.ch\\\/fr\\\/detention-des-animaux\\\/detention-danimaux-de-compagnie\\\/#primaryimage\",\"url\":\"https:\\\/\\\/tierschutz.com\\\/app\\\/uploads\\\/2023\\\/05\\\/STS-Hundehaltung-1.jpg\",\"contentUrl\":\"https:\\\/\\\/tierschutz.com\\\/app\\\/uploads\\\/2023\\\/05\\\/STS-Hundehaltung-1.jpg\"},{\"@type\":\"BreadcrumbList\",\"@id\":\"https:\\\/\\\/mail.swiss-animal-protection.ch\\\/fr\\\/detention-des-animaux\\\/detention-danimaux-de-compagnie\\\/#breadcrumb\",\"itemListElement\":[{\"@type\":\"ListItem\",\"position\":1,\"name\":\"Page d\u2019accueil\",\"item\":\"https:\\\/\\\/tierschutz.com\\\/fr\\\/\"},{\"@type\":\"ListItem\",\"position\":2,\"name\":\"D\u00e9tention des animaux\",\"item\":\"https:\\\/\\\/mail.schweizer-tierschutz-sts.ch\\\/fr\\\/detention-des-animaux\\\/\"},{\"@type\":\"ListItem\",\"position\":3,\"name\":\"D\u00e9tention d\u2019animaux de compagnie\"}]},{\"@type\":\"WebSite\",\"@id\":\"https:\\\/\\\/tierschutz.com\\\/fr\\\/#website\",\"url\":\"https:\\\/\\\/tierschutz.com\\\/fr\\\/\",\"name\":\"tierschutz.com\",\"description\":\"Wir setzen uns f\u00fcr das Wohl der Tiere ein.\",\"publisher\":{\"@id\":\"https:\\\/\\\/tierschutz.com\\\/fr\\\/#organization\"},\"alternateName\":\"Schweizer Tierschutz STS\",\"potentialAction\":[{\"@type\":\"SearchAction\",\"target\":{\"@type\":\"EntryPoint\",\"urlTemplate\":\"https:\\\/\\\/tierschutz.com\\\/fr\\\/?s={search_term_string}\"},\"query-input\":{\"@type\":\"PropertyValueSpecification\",\"valueRequired\":true,\"valueName\":\"search_term_string\"}}],\"inLanguage\":\"fr-FR\"},{\"@type\":\"Organization\",\"@id\":\"https:\\\/\\\/tierschutz.com\\\/fr\\\/#organization\",\"name\":\"Schweizer Tierschutz STS\",\"alternateName\":\"STS\",\"url\":\"https:\\\/\\\/tierschutz.com\\\/fr\\\/\",\"logo\":{\"@type\":\"ImageObject\",\"inLanguage\":\"fr-FR\",\"@id\":\"https:\\\/\\\/tierschutz.com\\\/fr\\\/#\\\/schema\\\/logo\\\/image\\\/\",\"url\":\"https:\\\/\\\/mail.swiss-animal-protection.ch\\\/app\\\/uploads\\\/2024\\\/04\\\/logo-schweizer-tierschutz-sts-1.svg\",\"contentUrl\":\"https:\\\/\\\/mail.swiss-animal-protection.ch\\\/app\\\/uploads\\\/2024\\\/04\\\/logo-schweizer-tierschutz-sts-1.svg\",\"caption\":\"Schweizer Tierschutz STS\"},\"image\":{\"@id\":\"https:\\\/\\\/tierschutz.com\\\/fr\\\/#\\\/schema\\\/logo\\\/image\\\/\"},\"sameAs\":[\"https:\\\/\\\/www.facebook.com\\\/schweizertierschutz\\\/\",\"https:\\\/\\\/www.instagram.com\\\/schweizertierschutzsts\\\/\",\"https:\\\/\\\/www.youtube.com\\\/@STS_Tierschutz\",\"https:\\\/\\\/www.linkedin.com\\\/company\\\/schweizertierschutzsts\\\/\"],\"description\":\"Der Schweizer Tierschutz STS ist der Dachverband von 71 Tierschutzorganisationen in allen Sprachregionen der Schweiz und in Liechtenstein. Seine Mitarbeitenden leisten wissenschaftlich fundierte Grundlagenarbeit, setzen sich mit Projekten und Aktionen f\u00fcr den Schutz und das Wohlbefinden von Heim-, Wild-, Nutz- und Versuchstieren ein und sensibilisieren die \u00d6ffentlichkeit f\u00fcr Tierschutzthemen.\",\"email\":\"sts@tierschutz.com\",\"telephone\":\"061 365 99 99\",\"legalName\":\"Schweizer Tierschutz STS\"}]}<\/script>\n<!-- \/ Yoast SEO Premium plugin. -->","yoast_head_json":{"title":"D\u00e9tention d\u2019animaux de compagnie - Protection Suisse des Animaux PSA","robots":{"index":"index","follow":"follow","max-snippet":"max-snippet:-1","max-image-preview":"max-image-preview:large","max-video-preview":"max-video-preview:-1"},"canonical":"https:\/\/mail.swiss-animal-protection.ch\/fr\/detention-des-animaux\/detention-danimaux-de-compagnie\/","og_locale":"fr_FR","og_type":"article","og_title":"D\u00e9tention d\u2019animaux de compagnie","og_description":"D\u00e9tention de chiens Le meilleur ami de l&#8217;homme: le chien. Depuis des mill\u00e9naires, les quadrup\u00e8des accompagnent l&#8217;homme sur son chemin [&hellip;]","og_url":"https:\/\/mail.swiss-animal-protection.ch\/fr\/detention-des-animaux\/detention-danimaux-de-compagnie\/","og_site_name":"Protection Suisse des Animaux PSA","article_publisher":"https:\/\/www.facebook.com\/schweizertierschutz\/","article_modified_time":"2026-01-27T15:55:37+00:00","og_image":[{"url":"https:\/\/tierschutz.com\/app\/uploads\/2023\/05\/STS-Hundehaltung-1.jpg","type":"","width":"","height":""}],"twitter_card":"summary_large_image","twitter_misc":{"Dur\u00e9e de lecture estim\u00e9e":"5 minutes"},"schema":{"@context":"https:\/\/schema.org","@graph":[{"@type":"WebPage","@id":"https:\/\/mail.swiss-animal-protection.ch\/fr\/detention-des-animaux\/detention-danimaux-de-compagnie\/","url":"https:\/\/mail.swiss-animal-protection.ch\/fr\/detention-des-animaux\/detention-danimaux-de-compagnie\/","name":"D\u00e9tention d\u2019animaux de compagnie - Protection Suisse des Animaux PSA","isPartOf":{"@id":"https:\/\/tierschutz.com\/fr\/#website"},"primaryImageOfPage":{"@id":"https:\/\/mail.swiss-animal-protection.ch\/fr\/detention-des-animaux\/detention-danimaux-de-compagnie\/#primaryimage"},"image":{"@id":"https:\/\/mail.swiss-animal-protection.ch\/fr\/detention-des-animaux\/detention-danimaux-de-compagnie\/#primaryimage"},"thumbnailUrl":"https:\/\/tierschutz.com\/app\/uploads\/2023\/05\/STS-Hundehaltung-1.jpg","datePublished":"2023-05-04T09:29:53+00:00","dateModified":"2026-01-27T15:55:37+00:00","breadcrumb":{"@id":"https:\/\/mail.swiss-animal-protection.ch\/fr\/detention-des-animaux\/detention-danimaux-de-compagnie\/#breadcrumb"},"inLanguage":"fr-FR","potentialAction":[{"@type":"ReadAction","target":["https:\/\/mail.swiss-animal-protection.ch\/fr\/detention-des-animaux\/detention-danimaux-de-compagnie\/"]}]},{"@type":"ImageObject","inLanguage":"fr-FR","@id":"https:\/\/mail.swiss-animal-protection.ch\/fr\/detention-des-animaux\/detention-danimaux-de-compagnie\/#primaryimage","url":"https:\/\/tierschutz.com\/app\/uploads\/2023\/05\/STS-Hundehaltung-1.jpg","contentUrl":"https:\/\/tierschutz.com\/app\/uploads\/2023\/05\/STS-Hundehaltung-1.jpg"},{"@type":"BreadcrumbList","@id":"https:\/\/mail.swiss-animal-protection.ch\/fr\/detention-des-animaux\/detention-danimaux-de-compagnie\/#breadcrumb","itemListElement":[{"@type":"ListItem","position":1,"name":"Page d\u2019accueil","item":"https:\/\/tierschutz.com\/fr\/"},{"@type":"ListItem","position":2,"name":"D\u00e9tention des animaux","item":"https:\/\/mail.schweizer-tierschutz-sts.ch\/fr\/detention-des-animaux\/"},{"@type":"ListItem","position":3,"name":"D\u00e9tention d\u2019animaux de compagnie"}]},{"@type":"WebSite","@id":"https:\/\/tierschutz.com\/fr\/#website","url":"https:\/\/tierschutz.com\/fr\/","name":"tierschutz.com","description":"Wir setzen uns f\u00fcr das Wohl der Tiere ein.","publisher":{"@id":"https:\/\/tierschutz.com\/fr\/#organization"},"alternateName":"Schweizer Tierschutz STS","potentialAction":[{"@type":"SearchAction","target":{"@type":"EntryPoint","urlTemplate":"https:\/\/tierschutz.com\/fr\/?s={search_term_string}"},"query-input":{"@type":"PropertyValueSpecification","valueRequired":true,"valueName":"search_term_string"}}],"inLanguage":"fr-FR"},{"@type":"Organization","@id":"https:\/\/tierschutz.com\/fr\/#organization","name":"Schweizer Tierschutz STS","alternateName":"STS","url":"https:\/\/tierschutz.com\/fr\/","logo":{"@type":"ImageObject","inLanguage":"fr-FR","@id":"https:\/\/tierschutz.com\/fr\/#\/schema\/logo\/image\/","url":"https:\/\/mail.swiss-animal-protection.ch\/app\/uploads\/2024\/04\/logo-schweizer-tierschutz-sts-1.svg","contentUrl":"https:\/\/mail.swiss-animal-protection.ch\/app\/uploads\/2024\/04\/logo-schweizer-tierschutz-sts-1.svg","caption":"Schweizer Tierschutz STS"},"image":{"@id":"https:\/\/tierschutz.com\/fr\/#\/schema\/logo\/image\/"},"sameAs":["https:\/\/www.facebook.com\/schweizertierschutz\/","https:\/\/www.instagram.com\/schweizertierschutzsts\/","https:\/\/www.youtube.com\/@STS_Tierschutz","https:\/\/www.linkedin.com\/company\/schweizertierschutzsts\/"],"description":"Der Schweizer Tierschutz STS ist der Dachverband von 71 Tierschutzorganisationen in allen Sprachregionen der Schweiz und in Liechtenstein. Seine Mitarbeitenden leisten wissenschaftlich fundierte Grundlagenarbeit, setzen sich mit Projekten und Aktionen f\u00fcr den Schutz und das Wohlbefinden von Heim-, Wild-, Nutz- und Versuchstieren ein und sensibilisieren die \u00d6ffentlichkeit f\u00fcr Tierschutzthemen.","email":"sts@tierschutz.com","telephone":"061 365 99 99","legalName":"Schweizer Tierschutz STS"}]}},"_links":{"self":[{"href":"https:\/\/mail.swiss-animal-protection.ch\/fr\/wp-json\/wp\/v2\/pages\/4253","targetHints":{"allow":["GET"]}}],"collection":[{"href":"https:\/\/mail.swiss-animal-protection.ch\/fr\/wp-json\/wp\/v2\/pages"}],"about":[{"href":"https:\/\/mail.swiss-animal-protection.ch\/fr\/wp-json\/wp\/v2\/types\/page"}],"author":[{"embeddable":true,"href":"https:\/\/mail.swiss-animal-protection.ch\/fr\/wp-json\/wp\/v2\/users\/5"}],"replies":[{"embeddable":true,"href":"https:\/\/mail.swiss-animal-protection.ch\/fr\/wp-json\/wp\/v2\/comments?post=4253"}],"version-history":[{"count":30,"href":"https:\/\/mail.swiss-animal-protection.ch\/fr\/wp-json\/wp\/v2\/pages\/4253\/revisions"}],"predecessor-version":[{"id":35906,"href":"https:\/\/mail.swiss-animal-protection.ch\/fr\/wp-json\/wp\/v2\/pages\/4253\/revisions\/35906"}],"up":[{"embeddable":true,"href":"https:\/\/mail.swiss-animal-protection.ch\/fr\/wp-json\/wp\/v2\/pages\/5043"}],"wp:attachment":[{"href":"https:\/\/mail.swiss-animal-protection.ch\/fr\/wp-json\/wp\/v2\/media?parent=4253"}],"curies":[{"name":"wp","href":"https:\/\/api.w.org\/{rel}","templated":true}]}}