{"id":6811,"date":"2023-05-04T15:35:24","date_gmt":"2023-05-04T13:35:24","guid":{"rendered":"https:\/\/dev.tierschutz.com\/?page_id=6811"},"modified":"2026-02-03T15:31:49","modified_gmt":"2026-02-03T14:31:49","slug":"service-de-conseil-juridique-en-protection-animale","status":"publish","type":"page","link":"https:\/\/mail.swiss-animal-protection.ch\/fr\/la-psa\/conseils\/service-de-conseil-juridique-en-protection-animale\/","title":{"rendered":"Service de conseil juridique en protection animale"},"content":{"rendered":"\n<div class=\"wp-block-cover alignfull is-light\"><img loading=\"lazy\" decoding=\"async\" width=\"1416\" height=\"910\" class=\"wp-block-cover__image-background wp-image-2393\" alt=\"Ein Babyvogel in der Hand eines Menschen vor einem verschwommenen Hintergrund\" src=\"https:\/\/tierschutz.com\/app\/uploads\/2023\/05\/STS-Beratungstelle-fuer-Rechtsfragen-im-Tierschutz.jpg\" style=\"object-position:52% 34%\" data-object-fit=\"cover\" data-object-position=\"52% 34%\" srcset=\"https:\/\/mail.swiss-animal-protection.ch\/app\/uploads\/2023\/05\/STS-Beratungstelle-fuer-Rechtsfragen-im-Tierschutz.jpg 1416w, https:\/\/mail.swiss-animal-protection.ch\/app\/uploads\/2023\/05\/STS-Beratungstelle-fuer-Rechtsfragen-im-Tierschutz-300x193.jpg 300w, https:\/\/mail.swiss-animal-protection.ch\/app\/uploads\/2023\/05\/STS-Beratungstelle-fuer-Rechtsfragen-im-Tierschutz-1024x658.jpg 1024w, https:\/\/mail.swiss-animal-protection.ch\/app\/uploads\/2023\/05\/STS-Beratungstelle-fuer-Rechtsfragen-im-Tierschutz-768x494.jpg 768w\" sizes=\"auto, (max-width: 1416px) 100vw, 1416px\" \/><span aria-hidden=\"true\" class=\"wp-block-cover__background has-background-dim-20 has-background-dim\"><\/span><div class=\"wp-block-cover__inner-container is-layout-flow wp-block-cover-is-layout-flow\">\n<h2 class=\"wp-block-heading has-text-align-center has-background-color has-text-color\" id=\"h-service-de-conseil-juridique-en-protection-animale\">Service de conseil juridique en protection animale<\/h2>\n<\/div><\/div>\n\n\n\n<div class=\"wp-block-group alignfull anchor-bar has-lightgray-background-color has-background is-layout-constrained wp-block-group-is-layout-constrained\">\n<div class=\"wp-block-group is-content-justification-center is-layout-flex wp-container-core-group-is-layout-b02886af wp-block-group-is-layout-flex\">\n<p class=\"has-large-font-size\"><strong><a data-type=\"internal\" data-id=\"#beratungsstelle\" href=\"#beratungsstelle\">Service de consultation<\/a><\/strong><\/p>\n\n\n\n<p class=\"has-large-font-size\"><strong><a href=\"#beratung\">Contact<\/a><\/strong><\/p>\n<\/div>\n<\/div>\n\n\n\n<div class=\"wp-block-group alignfull has-background-background-color has-background is-layout-constrained wp-block-group-is-layout-constrained\" id=\"beratungsstelle\"><div class=\"yoast-breadcrumbs\"><span><span><a href=\"https:\/\/mail.schweizer-tierschutz.ch\/fr\/\">Page d\u2019accueil<\/a><\/span> \u00bb <span><a href=\"https:\/\/mail.swiss-animal-protection.ch\/fr\/la-psa\/\">La PSA<\/a><\/span> \u00bb <span><a href=\"https:\/\/mail.swiss-animal-protection.ch\/fr\/la-psa\/conseils\/\">Conseils<\/a><\/span> \u00bb <span class=\"breadcrumb_last\" aria-current=\"page\">Service de conseil juridique en protection animale<\/span><\/span><\/div>\n\n\n<h1 class=\"wp-block-heading has-text-align-center\" id=\"h-service-de-conseil-juridique-en-protection-animale-0\"><strong>Service de conseil juridique en protection animale<\/strong><\/h1>\n\n\n\n<hr class=\"wp-block-separator has-text-color has-primary-color has-alpha-channel-opacity has-primary-background-color has-background\"\/>\n\n\n\n<p class=\"has-text-align-center\">Le service juridique de la Protection Suisse des Animaux PSA dispose de ses propres juristes qualifi\u00e9s qui vous renseignent de mani\u00e8re comp\u00e9tente sur les questions de protection des animaux et vous conseillent \u00e9galement pour toutes les questions de succession. Si vous n&#8217;\u00eates pas s\u00fbr(e) qu&#8217;un comportement soit contraire \u00e0 la protection des animaux, si vous ne savez pas o\u00f9 et comment d\u00e9poser une plainte pour infraction \u00e0 la protection des animaux ou si vous avez besoin d&#8217;aide pour prendre des dispositions pour vos propres animaux ou pour les animaux en g\u00e9n\u00e9ral (conseil en mati\u00e8re de succession), adressez-vous \u00e0 nous.<\/p>\n\n\n\n<p class=\"has-text-align-center\">Depuis le 1er janvier 2015, la Protection Suisse des Animaux PSA dispose d&#8217;un service sp\u00e9cifique &#8220;Contr\u00f4les de la protection des animaux&#8221; qui, en compl\u00e9ment de l&#8217;activit\u00e9 d&#8217;inspection de ses sections, traite les plaintes concernant les \u00e9levages contraires \u00e0 la protection des animaux et les mauvais traitements envers les animaux. La Protection Suisse des Animaux PSA re\u00e7oit des plaintes concernant toutes les esp\u00e8ces animales de toute la Suisse. Vous pouvez \u00e9galement d\u00e9poser des d\u00e9clarations d&#8217;infraction \u00e0 la protection des animaux aupr\u00e8s de l&#8217;une des sections de la PSA. Elles sont sur place, en contact \u00e9troit avec les autorit\u00e9s d&#8217;ex\u00e9cution localement comp\u00e9tentes et peuvent ainsi intervenir rapidement si cela s&#8217;av\u00e8re n\u00e9cessaire.<\/p>\n<\/div>\n\n\n\n<div class=\"wp-block-media-text alignwide is-stacked-on-mobile is-vertically-aligned-center\"><figure class=\"wp-block-media-text__media\"><img loading=\"lazy\" decoding=\"async\" width=\"1024\" height=\"768\" src=\"https:\/\/tierschutz.com\/app\/uploads\/2023\/06\/sts-beratung-1024x768.jpg\" alt=\"\" class=\"wp-image-5855 size-full\" srcset=\"https:\/\/mail.swiss-animal-protection.ch\/app\/uploads\/2023\/06\/sts-beratung-1024x768.jpg 1024w, https:\/\/mail.swiss-animal-protection.ch\/app\/uploads\/2023\/06\/sts-beratung-300x225.jpg 300w, https:\/\/mail.swiss-animal-protection.ch\/app\/uploads\/2023\/06\/sts-beratung-768x576.jpg 768w, https:\/\/mail.swiss-animal-protection.ch\/app\/uploads\/2023\/06\/sts-beratung-1536x1152.jpg 1536w, https:\/\/mail.swiss-animal-protection.ch\/app\/uploads\/2023\/06\/sts-beratung.jpg 1600w\" sizes=\"auto, (max-width: 1024px) 100vw, 1024px\" \/><\/figure><div class=\"wp-block-media-text__content\">\n<div class=\"wp-block-group is-style-shadow-box has-background-background-color has-background is-layout-constrained wp-block-group-is-layout-constrained\">\n<h3 class=\"wp-block-heading\" id=\"h-conseils-gratuits\"><strong>Conseils gratuits<\/strong><\/h3>\n\n\n\n<p>Nos conseils dans le domaine de la protection des animaux sont gratuits. Dans d&#8217;autres domaines juridiques, nous ne proposons pas de consultations par respect pour l&#8217;argent de nos dons, m\u00eame si des animaux sont impliqu\u00e9s (p. ex. droit du divorce, droit du bail, droit du voisinage).<\/p>\n\n\n\n<p>Notre service de conseil en mati\u00e8re de succession est \u00e0 la disposition de tous ceux qui ont un probl\u00e8me particulier en mati\u00e8re de pr\u00e9voyance pour leurs propres animaux ou qui souhaitent soutenir la protection des animaux apr\u00e8s leur mort. Nous pouvons ainsi vous conseiller de mani\u00e8re comp\u00e9tente sur toutes les questions de succession (Les consultations ne peuvent actuellement \u00eatre propos\u00e9es qu&#8217;en allemand et en italien).<\/p>\n\n\n\n<div class=\"wp-block-buttons is-layout-flex wp-block-buttons-is-layout-flex\"><\/div>\n<\/div>\n<\/div><\/div>\n\n\n\n<div class=\"wp-block-group alignfull has-background-background-color has-background is-layout-constrained wp-block-group-is-layout-constrained\">\n<h2 class=\"wp-block-heading has-text-align-center\" id=\"h-plus-d-informations\"><strong>Plus d&#8217;informations<\/strong><\/h2>\n\n\n\n<hr class=\"wp-block-separator has-text-color has-primary-color has-alpha-channel-opacity has-primary-background-color has-background\"\/>\n\n\n\n<div class=\"wp-block-group is-content-justification-center is-layout-flex wp-container-core-group-is-layout-b02886af wp-block-group-is-layout-flex\">\n<div class=\"wp-block-buttons is-layout-flex wp-block-buttons-is-layout-flex\">\n<div class=\"wp-block-button\"><a class=\"wp-block-button__link wp-element-button\" href=\"https:\/\/www.fedlex.admin.ch\/eli\/cc\/2008\/414\/de\" target=\"_blank\" rel=\"noreferrer noopener\">Loi sur la protection des animaux<\/a><\/div>\n\n\n\n<div class=\"wp-block-button\"><a class=\"wp-block-button__link wp-element-button\" href=\"https:\/\/www.fedlex.admin.ch\/eli\/cc\/2008\/416\/de\" target=\"_blank\" rel=\"noreferrer noopener\">Ordonnance sur la protection des animaux<\/a><\/div>\n<\/div>\n<\/div>\n<\/div>\n\n\n\n<div id=\"beratung\" class=\"wp-block-group is-layout-constrained wp-block-group-is-layout-constrained\">\n<h2 class=\"wp-block-heading has-text-align-center\" id=\"h-contact\"><strong>Contact<\/strong><\/h2>\n\n\n\n<hr class=\"wp-block-separator has-text-color has-primary-color has-alpha-channel-opacity has-primary-background-color has-background\"\/>\n<\/div>\n\n\n\n<div class=\"wp-block-media-text is-stacked-on-mobile is-style-shadow is-contact\" style=\"grid-template-columns:40% auto\"><figure class=\"wp-block-media-text__media\"><img loading=\"lazy\" decoding=\"async\" width=\"500\" height=\"500\" src=\"https:\/\/tierschutz.com\/app\/uploads\/2023\/06\/sts-logo-1.jpg\" alt=\"\" class=\"wp-image-5673 size-full\" srcset=\"https:\/\/mail.swiss-animal-protection.ch\/app\/uploads\/2023\/06\/sts-logo-1.jpg 500w, https:\/\/mail.swiss-animal-protection.ch\/app\/uploads\/2023\/06\/sts-logo-1-300x300.jpg 300w, https:\/\/mail.swiss-animal-protection.ch\/app\/uploads\/2023\/06\/sts-logo-1-150x150.jpg 150w\" sizes=\"auto, (max-width: 500px) 100vw, 500px\" \/><\/figure><div class=\"wp-block-media-text__content\">\n<h3 class=\"wp-block-heading\" id=\"h-protection-suisse-des-animaux-psa\"><strong>Protection suisse des animaux PSA<\/strong><\/h3>\n\n\n\n<p><a href=\"tel:+41 61 365 99 99\">+41 61 365 99 99<\/a><br><a href=\"mailto:sts@tierschutz.com\">sts@tierschutz.com<\/a><\/p>\n<\/div><\/div>\n\n\n\n<div style=\"height:83px\" aria-hidden=\"true\" class=\"wp-block-spacer\"><\/div>\n","protected":false},"excerpt":{"rendered":"<p>Service de consultation Contact Service de conseil juridique en protection animale Le service juridique de la Protection Suisse des Animaux [&hellip;]<\/p>\n","protected":false},"author":5,"featured_media":0,"parent":5066,"menu_order":183,"comment_status":"closed","ping_status":"closed","template":"","meta":{"_acf_changed":false,"inline_featured_image":false,"_vp_format_video_url":"","_vp_image_focal_point":[],"footnotes":""},"class_list":["post-6811","page","type-page","status-publish","hentry"],"acf":[],"yoast_head":"<!-- This site is optimized with the Yoast SEO Premium plugin v27.4 (Yoast SEO v27.4) - https:\/\/yoast.com\/product\/yoast-seo-premium-wordpress\/ -->\n<title>Service de conseil juridique en protection animale - Protection Suisse des Animaux PSA<\/title>\n<meta name=\"robots\" content=\"index, follow, max-snippet:-1, max-image-preview:large, max-video-preview:-1\" \/>\n<link rel=\"canonical\" href=\"https:\/\/mail.swiss-animal-protection.ch\/fr\/la-psa\/conseils\/service-de-conseil-juridique-en-protection-animale\/\" \/>\n<meta property=\"og:locale\" content=\"fr_FR\" \/>\n<meta property=\"og:type\" content=\"article\" \/>\n<meta property=\"og:title\" content=\"Service de conseil juridique en protection animale\" \/>\n<meta property=\"og:description\" content=\"Service de consultation Contact Service de conseil juridique en protection animale Le service juridique de la Protection Suisse des Animaux [&hellip;]\" \/>\n<meta property=\"og:url\" content=\"https:\/\/mail.swiss-animal-protection.ch\/fr\/la-psa\/conseils\/service-de-conseil-juridique-en-protection-animale\/\" \/>\n<meta property=\"og:site_name\" content=\"Protection Suisse des Animaux PSA\" \/>\n<meta property=\"article:publisher\" content=\"https:\/\/www.facebook.com\/schweizertierschutz\/\" \/>\n<meta property=\"article:modified_time\" content=\"2026-02-03T14:31:49+00:00\" \/>\n<meta property=\"og:image\" content=\"https:\/\/tierschutz.com\/app\/uploads\/2023\/05\/STS-Beratungstelle-fuer-Rechtsfragen-im-Tierschutz.jpg\" \/>\n<meta name=\"twitter:card\" content=\"summary_large_image\" \/>\n<meta name=\"twitter:label1\" content=\"Dur\u00e9e de lecture estim\u00e9e\" \/>\n\t<meta name=\"twitter:data1\" content=\"3 minutes\" \/>\n<script type=\"application\/ld+json\" class=\"yoast-schema-graph\">{\"@context\":\"https:\\\/\\\/schema.org\",\"@graph\":[{\"@type\":\"WebPage\",\"@id\":\"https:\\\/\\\/mail.swiss-animal-protection.ch\\\/fr\\\/la-psa\\\/conseils\\\/service-de-conseil-juridique-en-protection-animale\\\/\",\"url\":\"https:\\\/\\\/mail.swiss-animal-protection.ch\\\/fr\\\/la-psa\\\/conseils\\\/service-de-conseil-juridique-en-protection-animale\\\/\",\"name\":\"Service de conseil juridique en protection animale - Protection Suisse des Animaux PSA\",\"isPartOf\":{\"@id\":\"https:\\\/\\\/sts-psa.ch\\\/fr\\\/#website\"},\"primaryImageOfPage\":{\"@id\":\"https:\\\/\\\/mail.swiss-animal-protection.ch\\\/fr\\\/la-psa\\\/conseils\\\/service-de-conseil-juridique-en-protection-animale\\\/#primaryimage\"},\"image\":{\"@id\":\"https:\\\/\\\/mail.swiss-animal-protection.ch\\\/fr\\\/la-psa\\\/conseils\\\/service-de-conseil-juridique-en-protection-animale\\\/#primaryimage\"},\"thumbnailUrl\":\"https:\\\/\\\/tierschutz.com\\\/app\\\/uploads\\\/2023\\\/05\\\/STS-Beratungstelle-fuer-Rechtsfragen-im-Tierschutz.jpg\",\"datePublished\":\"2023-05-04T13:35:24+00:00\",\"dateModified\":\"2026-02-03T14:31:49+00:00\",\"breadcrumb\":{\"@id\":\"https:\\\/\\\/mail.swiss-animal-protection.ch\\\/fr\\\/la-psa\\\/conseils\\\/service-de-conseil-juridique-en-protection-animale\\\/#breadcrumb\"},\"inLanguage\":\"fr-FR\",\"potentialAction\":[{\"@type\":\"ReadAction\",\"target\":[\"https:\\\/\\\/mail.swiss-animal-protection.ch\\\/fr\\\/la-psa\\\/conseils\\\/service-de-conseil-juridique-en-protection-animale\\\/\"]}]},{\"@type\":\"ImageObject\",\"inLanguage\":\"fr-FR\",\"@id\":\"https:\\\/\\\/mail.swiss-animal-protection.ch\\\/fr\\\/la-psa\\\/conseils\\\/service-de-conseil-juridique-en-protection-animale\\\/#primaryimage\",\"url\":\"https:\\\/\\\/tierschutz.com\\\/app\\\/uploads\\\/2023\\\/05\\\/STS-Beratungstelle-fuer-Rechtsfragen-im-Tierschutz.jpg\",\"contentUrl\":\"https:\\\/\\\/tierschutz.com\\\/app\\\/uploads\\\/2023\\\/05\\\/STS-Beratungstelle-fuer-Rechtsfragen-im-Tierschutz.jpg\"},{\"@type\":\"BreadcrumbList\",\"@id\":\"https:\\\/\\\/mail.swiss-animal-protection.ch\\\/fr\\\/la-psa\\\/conseils\\\/service-de-conseil-juridique-en-protection-animale\\\/#breadcrumb\",\"itemListElement\":[{\"@type\":\"ListItem\",\"position\":1,\"name\":\"Page d\u2019accueil\",\"item\":\"https:\\\/\\\/mail.schweizer-tierschutz.ch\\\/fr\\\/\"},{\"@type\":\"ListItem\",\"position\":2,\"name\":\"La PSA\",\"item\":\"https:\\\/\\\/mail.swiss-animal-protection.ch\\\/fr\\\/la-psa\\\/\"},{\"@type\":\"ListItem\",\"position\":3,\"name\":\"Conseils\",\"item\":\"https:\\\/\\\/mail.swiss-animal-protection.ch\\\/fr\\\/la-psa\\\/conseils\\\/\"},{\"@type\":\"ListItem\",\"position\":4,\"name\":\"Service de conseil juridique en protection animale\"}]},{\"@type\":\"WebSite\",\"@id\":\"https:\\\/\\\/sts-psa.ch\\\/fr\\\/#website\",\"url\":\"https:\\\/\\\/sts-psa.ch\\\/fr\\\/\",\"name\":\"tierschutz.com\",\"description\":\"Wir setzen uns f\u00fcr das Wohl der Tiere ein.\",\"publisher\":{\"@id\":\"https:\\\/\\\/sts-psa.ch\\\/fr\\\/#organization\"},\"alternateName\":\"Schweizer Tierschutz STS\",\"potentialAction\":[{\"@type\":\"SearchAction\",\"target\":{\"@type\":\"EntryPoint\",\"urlTemplate\":\"https:\\\/\\\/sts-psa.ch\\\/fr\\\/?s={search_term_string}\"},\"query-input\":{\"@type\":\"PropertyValueSpecification\",\"valueRequired\":true,\"valueName\":\"search_term_string\"}}],\"inLanguage\":\"fr-FR\"},{\"@type\":\"Organization\",\"@id\":\"https:\\\/\\\/sts-psa.ch\\\/fr\\\/#organization\",\"name\":\"Schweizer Tierschutz STS\",\"alternateName\":\"STS\",\"url\":\"https:\\\/\\\/sts-psa.ch\\\/fr\\\/\",\"logo\":{\"@type\":\"ImageObject\",\"inLanguage\":\"fr-FR\",\"@id\":\"https:\\\/\\\/sts-psa.ch\\\/fr\\\/#\\\/schema\\\/logo\\\/image\\\/\",\"url\":\"https:\\\/\\\/mail.swiss-animal-protection.ch\\\/app\\\/uploads\\\/2024\\\/04\\\/logo-schweizer-tierschutz-sts-1.svg\",\"contentUrl\":\"https:\\\/\\\/mail.swiss-animal-protection.ch\\\/app\\\/uploads\\\/2024\\\/04\\\/logo-schweizer-tierschutz-sts-1.svg\",\"caption\":\"Schweizer Tierschutz STS\"},\"image\":{\"@id\":\"https:\\\/\\\/sts-psa.ch\\\/fr\\\/#\\\/schema\\\/logo\\\/image\\\/\"},\"sameAs\":[\"https:\\\/\\\/www.facebook.com\\\/schweizertierschutz\\\/\",\"https:\\\/\\\/www.instagram.com\\\/schweizertierschutzsts\\\/\",\"https:\\\/\\\/www.youtube.com\\\/@STS_Tierschutz\",\"https:\\\/\\\/www.linkedin.com\\\/company\\\/schweizertierschutzsts\\\/\"],\"description\":\"Der Schweizer Tierschutz STS ist der Dachverband von 71 Tierschutzorganisationen in allen Sprachregionen der Schweiz und in Liechtenstein. Seine Mitarbeitenden leisten wissenschaftlich fundierte Grundlagenarbeit, setzen sich mit Projekten und Aktionen f\u00fcr den Schutz und das Wohlbefinden von Heim-, Wild-, Nutz- und Versuchstieren ein und sensibilisieren die \u00d6ffentlichkeit f\u00fcr Tierschutzthemen.\",\"email\":\"sts@tierschutz.com\",\"telephone\":\"061 365 99 99\",\"legalName\":\"Schweizer Tierschutz STS\"}]}<\/script>\n<!-- \/ Yoast SEO Premium plugin. -->","yoast_head_json":{"title":"Service de conseil juridique en protection animale - Protection Suisse des Animaux PSA","robots":{"index":"index","follow":"follow","max-snippet":"max-snippet:-1","max-image-preview":"max-image-preview:large","max-video-preview":"max-video-preview:-1"},"canonical":"https:\/\/mail.swiss-animal-protection.ch\/fr\/la-psa\/conseils\/service-de-conseil-juridique-en-protection-animale\/","og_locale":"fr_FR","og_type":"article","og_title":"Service de conseil juridique en protection animale","og_description":"Service de consultation Contact Service de conseil juridique en protection animale Le service juridique de la Protection Suisse des Animaux [&hellip;]","og_url":"https:\/\/mail.swiss-animal-protection.ch\/fr\/la-psa\/conseils\/service-de-conseil-juridique-en-protection-animale\/","og_site_name":"Protection Suisse des Animaux PSA","article_publisher":"https:\/\/www.facebook.com\/schweizertierschutz\/","article_modified_time":"2026-02-03T14:31:49+00:00","og_image":[{"url":"https:\/\/tierschutz.com\/app\/uploads\/2023\/05\/STS-Beratungstelle-fuer-Rechtsfragen-im-Tierschutz.jpg","type":"","width":"","height":""}],"twitter_card":"summary_large_image","twitter_misc":{"Dur\u00e9e de lecture estim\u00e9e":"3 minutes"},"schema":{"@context":"https:\/\/schema.org","@graph":[{"@type":"WebPage","@id":"https:\/\/mail.swiss-animal-protection.ch\/fr\/la-psa\/conseils\/service-de-conseil-juridique-en-protection-animale\/","url":"https:\/\/mail.swiss-animal-protection.ch\/fr\/la-psa\/conseils\/service-de-conseil-juridique-en-protection-animale\/","name":"Service de conseil juridique en protection animale - Protection Suisse des Animaux PSA","isPartOf":{"@id":"https:\/\/sts-psa.ch\/fr\/#website"},"primaryImageOfPage":{"@id":"https:\/\/mail.swiss-animal-protection.ch\/fr\/la-psa\/conseils\/service-de-conseil-juridique-en-protection-animale\/#primaryimage"},"image":{"@id":"https:\/\/mail.swiss-animal-protection.ch\/fr\/la-psa\/conseils\/service-de-conseil-juridique-en-protection-animale\/#primaryimage"},"thumbnailUrl":"https:\/\/tierschutz.com\/app\/uploads\/2023\/05\/STS-Beratungstelle-fuer-Rechtsfragen-im-Tierschutz.jpg","datePublished":"2023-05-04T13:35:24+00:00","dateModified":"2026-02-03T14:31:49+00:00","breadcrumb":{"@id":"https:\/\/mail.swiss-animal-protection.ch\/fr\/la-psa\/conseils\/service-de-conseil-juridique-en-protection-animale\/#breadcrumb"},"inLanguage":"fr-FR","potentialAction":[{"@type":"ReadAction","target":["https:\/\/mail.swiss-animal-protection.ch\/fr\/la-psa\/conseils\/service-de-conseil-juridique-en-protection-animale\/"]}]},{"@type":"ImageObject","inLanguage":"fr-FR","@id":"https:\/\/mail.swiss-animal-protection.ch\/fr\/la-psa\/conseils\/service-de-conseil-juridique-en-protection-animale\/#primaryimage","url":"https:\/\/tierschutz.com\/app\/uploads\/2023\/05\/STS-Beratungstelle-fuer-Rechtsfragen-im-Tierschutz.jpg","contentUrl":"https:\/\/tierschutz.com\/app\/uploads\/2023\/05\/STS-Beratungstelle-fuer-Rechtsfragen-im-Tierschutz.jpg"},{"@type":"BreadcrumbList","@id":"https:\/\/mail.swiss-animal-protection.ch\/fr\/la-psa\/conseils\/service-de-conseil-juridique-en-protection-animale\/#breadcrumb","itemListElement":[{"@type":"ListItem","position":1,"name":"Page d\u2019accueil","item":"https:\/\/mail.schweizer-tierschutz.ch\/fr\/"},{"@type":"ListItem","position":2,"name":"La PSA","item":"https:\/\/mail.swiss-animal-protection.ch\/fr\/la-psa\/"},{"@type":"ListItem","position":3,"name":"Conseils","item":"https:\/\/mail.swiss-animal-protection.ch\/fr\/la-psa\/conseils\/"},{"@type":"ListItem","position":4,"name":"Service de conseil juridique en protection animale"}]},{"@type":"WebSite","@id":"https:\/\/sts-psa.ch\/fr\/#website","url":"https:\/\/sts-psa.ch\/fr\/","name":"tierschutz.com","description":"Wir setzen uns f\u00fcr das Wohl der Tiere ein.","publisher":{"@id":"https:\/\/sts-psa.ch\/fr\/#organization"},"alternateName":"Schweizer Tierschutz STS","potentialAction":[{"@type":"SearchAction","target":{"@type":"EntryPoint","urlTemplate":"https:\/\/sts-psa.ch\/fr\/?s={search_term_string}"},"query-input":{"@type":"PropertyValueSpecification","valueRequired":true,"valueName":"search_term_string"}}],"inLanguage":"fr-FR"},{"@type":"Organization","@id":"https:\/\/sts-psa.ch\/fr\/#organization","name":"Schweizer Tierschutz STS","alternateName":"STS","url":"https:\/\/sts-psa.ch\/fr\/","logo":{"@type":"ImageObject","inLanguage":"fr-FR","@id":"https:\/\/sts-psa.ch\/fr\/#\/schema\/logo\/image\/","url":"https:\/\/mail.swiss-animal-protection.ch\/app\/uploads\/2024\/04\/logo-schweizer-tierschutz-sts-1.svg","contentUrl":"https:\/\/mail.swiss-animal-protection.ch\/app\/uploads\/2024\/04\/logo-schweizer-tierschutz-sts-1.svg","caption":"Schweizer Tierschutz STS"},"image":{"@id":"https:\/\/sts-psa.ch\/fr\/#\/schema\/logo\/image\/"},"sameAs":["https:\/\/www.facebook.com\/schweizertierschutz\/","https:\/\/www.instagram.com\/schweizertierschutzsts\/","https:\/\/www.youtube.com\/@STS_Tierschutz","https:\/\/www.linkedin.com\/company\/schweizertierschutzsts\/"],"description":"Der Schweizer Tierschutz STS ist der Dachverband von 71 Tierschutzorganisationen in allen Sprachregionen der Schweiz und in Liechtenstein. Seine Mitarbeitenden leisten wissenschaftlich fundierte Grundlagenarbeit, setzen sich mit Projekten und Aktionen f\u00fcr den Schutz und das Wohlbefinden von Heim-, Wild-, Nutz- und Versuchstieren ein und sensibilisieren die \u00d6ffentlichkeit f\u00fcr Tierschutzthemen.","email":"sts@tierschutz.com","telephone":"061 365 99 99","legalName":"Schweizer Tierschutz STS"}]}},"_links":{"self":[{"href":"https:\/\/mail.swiss-animal-protection.ch\/fr\/wp-json\/wp\/v2\/pages\/6811","targetHints":{"allow":["GET"]}}],"collection":[{"href":"https:\/\/mail.swiss-animal-protection.ch\/fr\/wp-json\/wp\/v2\/pages"}],"about":[{"href":"https:\/\/mail.swiss-animal-protection.ch\/fr\/wp-json\/wp\/v2\/types\/page"}],"author":[{"embeddable":true,"href":"https:\/\/mail.swiss-animal-protection.ch\/fr\/wp-json\/wp\/v2\/users\/5"}],"replies":[{"embeddable":true,"href":"https:\/\/mail.swiss-animal-protection.ch\/fr\/wp-json\/wp\/v2\/comments?post=6811"}],"version-history":[{"count":3,"href":"https:\/\/mail.swiss-animal-protection.ch\/fr\/wp-json\/wp\/v2\/pages\/6811\/revisions"}],"predecessor-version":[{"id":36048,"href":"https:\/\/mail.swiss-animal-protection.ch\/fr\/wp-json\/wp\/v2\/pages\/6811\/revisions\/36048"}],"up":[{"embeddable":true,"href":"https:\/\/mail.swiss-animal-protection.ch\/fr\/wp-json\/wp\/v2\/pages\/5066"}],"wp:attachment":[{"href":"https:\/\/mail.swiss-animal-protection.ch\/fr\/wp-json\/wp\/v2\/media?parent=6811"}],"curies":[{"name":"wp","href":"https:\/\/api.w.org\/{rel}","templated":true}]}}