{"id":18171,"date":"2023-05-04T15:14:26","date_gmt":"2023-05-04T13:14:26","guid":{"rendered":"https:\/\/tierschutz.com\/?page_id=18171"},"modified":"2024-04-23T15:14:32","modified_gmt":"2024-04-23T13:14:32","slug":"donazione-di-successione","status":"publish","type":"page","link":"https:\/\/mail.swiss-animal-protection.ch\/it\/protezione-degli-animali\/donazioni\/donazione-di-successione\/","title":{"rendered":"Donazione di successione"},"content":{"rendered":"\n<div class=\"wp-block-cover alignfull\"><span aria-hidden=\"true\" class=\"wp-block-cover__background has-background-dim-40 has-background-dim\"><\/span><img loading=\"lazy\" decoding=\"async\" width=\"1698\" height=\"1131\" class=\"wp-block-cover__image-background wp-image-5713\" alt=\"Junge Katze die gespannt in die Kamera schaut. \" src=\"https:\/\/tierschutz.com\/app\/uploads\/2023\/06\/sts-katze-aus-internet.jpg\" data-object-fit=\"cover\" srcset=\"https:\/\/mail.swiss-animal-protection.ch\/app\/uploads\/2023\/06\/sts-katze-aus-internet.jpg 1698w, https:\/\/mail.swiss-animal-protection.ch\/app\/uploads\/2023\/06\/sts-katze-aus-internet-300x200.jpg 300w, https:\/\/mail.swiss-animal-protection.ch\/app\/uploads\/2023\/06\/sts-katze-aus-internet-1024x682.jpg 1024w, https:\/\/mail.swiss-animal-protection.ch\/app\/uploads\/2023\/06\/sts-katze-aus-internet-768x512.jpg 768w, https:\/\/mail.swiss-animal-protection.ch\/app\/uploads\/2023\/06\/sts-katze-aus-internet-1536x1023.jpg 1536w\" sizes=\"auto, (max-width: 1698px) 100vw, 1698px\" \/><div class=\"wp-block-cover__inner-container is-layout-flow wp-block-cover-is-layout-flow\">\n<h2 class=\"wp-block-heading has-text-align-center has-background-color has-text-color has-link-color wp-elements-a18e61d4b819bc55139150bffd1b6427\"><strong>Donazione di successione<\/strong><\/h2>\n<\/div><\/div>\n\n\n\n<div class=\"wp-block-group alignfull anchor-bar has-lightgray-background-color has-background is-layout-constrained wp-block-group-is-layout-constrained\">\n<div class=\"wp-block-group is-content-justification-space-between is-layout-flex wp-container-core-group-is-layout-9366075c wp-block-group-is-layout-flex\">\n<p class=\"has-large-font-size\"><a data-type=\"internal\" data-id=\"#testament\" href=\"#testament\"><strong><strong><strong>testamento<\/strong><\/strong><\/strong><\/a><\/p>\n\n\n\n<p class=\"has-large-font-size\"><strong><a data-type=\"internal\" data-id=\"#hilfe\" href=\"#hilfe\">Il vostro aiuto<\/a><\/strong><\/p>\n\n\n\n<p class=\"has-large-font-size\"><a data-type=\"internal\" data-id=\"#beratung\" href=\"#beratung\"><strong>Consulenza<\/strong><\/a><\/p>\n\n\n\n<p class=\"has-large-font-size\"><strong><a data-type=\"internal\" data-id=\"#bestellen\" href=\"#bestellen\"><strong><strong><strong><strong>d&#8217;ordine guida ai testamenti<\/strong><\/strong><\/strong><\/strong><\/a><\/strong><\/p>\n<\/div>\n<\/div>\n\n\n\n<div class=\"wp-block-group alignfull has-background-background-color has-background is-layout-constrained wp-block-group-is-layout-constrained\"><div class=\"yoast-breadcrumbs\"><span><span><a href=\"https:\/\/mail.schweizertierschutz.ch\/it\/\">Pagina iniziale<\/a><\/span> \u00bb <span><a href=\"https:\/\/mail.schweizertierschutz.ch\/it\/protezione-degli-animali\/\">Protezione degli animali<\/a><\/span> \u00bb <span><a href=\"https:\/\/tierschutz.com\/it\/protezione-degli-animali\/donazioni\/\">Donazioni<\/a><\/span> \u00bb <span class=\"breadcrumb_last\" aria-current=\"page\">Donazione di successione<\/span><\/span><\/div>\n\n\n<h1 class=\"wp-block-heading has-text-align-center\"><strong><strong>Donazione ereditaria per la protezione degli animali<\/strong><\/strong><\/h1>\n\n\n\n<hr class=\"wp-block-separator has-text-color has-primary-color has-alpha-channel-opacity has-primary-background-color has-background\"\/>\n\n\n\n<p class=\"has-text-align-center\">L&#8217;amore per gli animali pu\u00f2 essere letteralmente infinito. Pertanto, avete l&#8217;opportunit\u00e0 di aiutare gli animali anche oltre la vostra vita e di sostenere il lavoro utile per la collettivit\u00e0 della Protezione Svizzera degli Animali PSA. Le donazioni ereditarie alla Protezione Svizzera degli Animali PSA sono esenti da imposte e vengono quindi impiegate interamente a favore del benessere degli animali.<\/p>\n\n\n\n<div class=\"wp-block-group alignfull has-background-background-color has-background is-layout-constrained wp-block-group-is-layout-constrained\">\n<div class=\"wp-block-group is-layout-flex wp-container-core-group-is-layout-d0921e6e wp-block-group-is-layout-flex\">\n<div id=\"testament\" class=\"wp-block-group is-style-shadow-box has-background-background-color has-background is-layout-constrained wp-block-group-is-layout-constrained\">\n<h3 class=\"wp-block-heading\"><strong><strong>A cosa prestare attenzione nel vostro testamento<\/strong><\/strong><\/h3>\n\n\n\n<p>Affinch\u00e9 il vostro testamento sia valido, deve essere scritto a mano riportando luogo, data e firma oppure deve essere autenticato pubblicamente da un notaio o una notaia. Potete definire la Protezione Svizzera degli Animali PSA come beneficiaria dell\u2019eredit\u00e0, in modo che le sia destinata una quota fissa della vostra successione. Il nostro avvocato, lic. iur. Lukas Berger sar\u00e0 lieto di aiutarvi a svolgere correttamente tutte le formalit\u00e0 per una donazione ereditaria.<\/p>\n<\/div>\n\n\n\n<div id=\"hilfe\" class=\"wp-block-group is-style-shadow-box has-background-background-color has-background is-layout-constrained wp-block-group-is-layout-constrained\">\n<h3 class=\"wp-block-heading\"><strong><strong>Ecco come la vostra donazione ereditaria alla PSA aiuta gli animali<\/strong><\/strong><\/h3>\n\n\n\n<p>Grazie alla vostra donazione ereditaria, sostenete la protezione degli animali del futuro. Aiutate gli uffici tecnici e di consulenza nonch\u00e9 le sezioni della Protezione Svizzera degli Animali PSA a continuare a lavorare con impegno e professionalit\u00e0 per il benessere e la dignit\u00e0 degli animali. La vostra eredit\u00e0 sar\u00e0 utilizzata in modo mirato per gestire a lungo termine e con competenza i rifugi per animali e le stazioni di soccorso delle sezioni della PSA, per portare avanti progetti nazionali e internazionali per la tutela degli animali e per finanziare le cure per animali bisognosi.<\/p>\n<\/div>\n<\/div>\n<\/div>\n<\/div>\n\n\n\n<div class=\"wp-block-media-text alignwide is-stacked-on-mobile is-vertically-aligned-center\" id=\"beratung\"><figure class=\"wp-block-media-text__media\"><img loading=\"lazy\" decoding=\"async\" width=\"1024\" height=\"682\" src=\"https:\/\/tierschutz.com\/app\/uploads\/2023\/07\/sts-erbschaftsspende-1024x682.jpg\" alt=\"Eine Katze die einer alten Frau auf den Beinen sitzt. \" class=\"wp-image-7542 size-full\" srcset=\"https:\/\/mail.swiss-animal-protection.ch\/app\/uploads\/2023\/07\/sts-erbschaftsspende-1024x682.jpg 1024w, https:\/\/mail.swiss-animal-protection.ch\/app\/uploads\/2023\/07\/sts-erbschaftsspende-300x200.jpg 300w, https:\/\/mail.swiss-animal-protection.ch\/app\/uploads\/2023\/07\/sts-erbschaftsspende-768x512.jpg 768w, https:\/\/mail.swiss-animal-protection.ch\/app\/uploads\/2023\/07\/sts-erbschaftsspende-1536x1023.jpg 1536w, https:\/\/mail.swiss-animal-protection.ch\/app\/uploads\/2023\/07\/sts-erbschaftsspende.jpg 1698w\" sizes=\"auto, (max-width: 1024px) 100vw, 1024px\" \/><\/figure><div class=\"wp-block-media-text__content\">\n<div class=\"wp-block-group is-style-shadow-box has-background-background-color has-background is-layout-constrained wp-block-group-is-layout-constrained\">\n<h3 class=\"wp-block-heading\"><strong><strong>Vi offriamo una consulenza non vincolante<\/strong><\/strong><\/h3>\n\n\n\n<p>Per noi \u00e8 importante gestire le questioni legate al testamento con discrezione. Se avete delle domande generali sulla donazione ereditaria o desiderate informazioni pi\u00f9 approfondite, potete ordinare gratuitamente la nostra brochure \u00abProvvedimenti preventivi a favore degli animali \u2013 Una guida al testamento per gli amanti degli animali\u00bb.<\/p>\n\n\n\n<div class=\"wp-block-buttons is-layout-flex wp-block-buttons-is-layout-flex\">\n<div class=\"wp-block-button\"><a class=\"wp-block-button__link wp-element-button\" href=\"#bestellform\">Ordinare la Guida al testamento<\/a><\/div>\n<\/div>\n<\/div>\n<\/div><\/div>\n\n\n\n<div id=\"bestellen\" class=\"wp-block-group has-background-background-color has-background is-layout-constrained wp-block-group-is-layout-constrained\">\n<h3 class=\"wp-block-heading has-text-align-center\" id=\"bestellform\"><strong>Modulo d&#8217;ordine guida ai testamenti<\/strong><\/h3>\n\n\n\n<div class=\"wp-block-contact-form-7-contact-form-selector\">\n<div class=\"wpcf7 no-js\" id=\"wpcf7-f5109-o1\" lang=\"\" dir=\"ltr\" data-wpcf7-id=\"5109\">\n<div class=\"screen-reader-response\"><p role=\"status\" aria-live=\"polite\" aria-atomic=\"true\"><\/p> <ul><\/ul><\/div>\n<form action=\"\/it\/wp-json\/wp\/v2\/pages\/18171#wpcf7-f5109-o1\" method=\"post\" class=\"wpcf7-form init\" aria-label=\"Modulo di contatto\" novalidate=\"novalidate\" data-status=\"init\">\n<fieldset class=\"hidden-fields-container\"><input type=\"hidden\" name=\"_wpcf7\" value=\"5109\" \/><input type=\"hidden\" name=\"_wpcf7_version\" value=\"6.1.5\" \/><input type=\"hidden\" name=\"_wpcf7_locale\" value=\"\" \/><input type=\"hidden\" name=\"_wpcf7_unit_tag\" value=\"wpcf7-f5109-o1\" \/><input type=\"hidden\" name=\"_wpcf7_container_post\" value=\"0\" \/><input type=\"hidden\" name=\"_wpcf7_posted_data_hash\" value=\"\" \/><input type=\"hidden\" name=\"_wpcf7cf_hidden_group_fields\" value=\"[]\" \/><input type=\"hidden\" name=\"_wpcf7cf_hidden_groups\" value=\"[]\" \/><input type=\"hidden\" name=\"_wpcf7cf_visible_groups\" value=\"[]\" \/><input type=\"hidden\" name=\"_wpcf7cf_repeaters\" value=\"[]\" \/><input type=\"hidden\" name=\"_wpcf7cf_steps\" value=\"{}\" \/><input type=\"hidden\" name=\"_wpcf7cf_options\" value=\"{&quot;form_id&quot;:5109,&quot;conditions&quot;:[],&quot;settings&quot;:{&quot;animation&quot;:&quot;yes&quot;,&quot;animation_intime&quot;:200,&quot;animation_outtime&quot;:200,&quot;conditions_ui&quot;:&quot;normal&quot;,&quot;notice_dismissed&quot;:false,&quot;notice_dismissed_rollback-cf7-5.8.7&quot;:true,&quot;notice_dismissed_rollback-cf7-5.9.4&quot;:true,&quot;notice_dismissed_rollback-cf7-6.0.2&quot;:true}}\" \/><input type=\"hidden\" name=\"_wpcf7_recaptcha_response\" value=\"\" \/>\n<\/fieldset>\n<p><span class=\"wpcf7-form-control-wrap\" data-name=\"checkbox-704\"><span class=\"wpcf7-form-control wpcf7-checkbox\"><span class=\"wpcf7-list-item first last\"><label><input type=\"checkbox\" name=\"checkbox-704[]\" value=\"Per favore inviatemi la vostra brochure \u00abProvvedimenti preventivi a favore degli animali \u2013 Una guida al testamento per gli amanti degli animali\u00bb\" \/><span class=\"wpcf7-list-item-label\">Per favore inviatemi la vostra brochure \u00abProvvedimenti preventivi a favore degli animali \u2013 Una guida al testamento per gli amanti degli animali\u00bb<\/span><\/label><\/span><\/span><\/span>\n<\/p>\n<p>Quantit\u00e0:<br \/>\n<span class=\"wpcf7-form-control-wrap\" data-name=\"number-119\"><input class=\"wpcf7-form-control wpcf7-number wpcf7-validates-as-required wpcf7-validates-as-number\" aria-required=\"true\" aria-invalid=\"false\" placeholder=\"1\" value=\"\" type=\"number\" name=\"number-119\" \/><\/span>\n<\/p>\n<p><span class=\"wpcf7-form-control-wrap\" data-name=\"checkbox-705\"><span class=\"wpcf7-form-control wpcf7-checkbox\"><span class=\"wpcf7-list-item first last\"><label><input type=\"checkbox\" name=\"checkbox-705[]\" value=\"Desidero una consulenza individuale. Vi prego di contattarmi\" \/><span class=\"wpcf7-list-item-label\">Desidero una consulenza individuale. Vi prego di contattarmi<\/span><\/label><\/span><\/span><\/span>\n<\/p>\n<p>Cognome*<br \/>\n<span class=\"wpcf7-form-control-wrap\" data-name=\"Name\"><input size=\"40\" maxlength=\"400\" class=\"wpcf7-form-control wpcf7-text wpcf7-validates-as-required\" aria-required=\"true\" aria-invalid=\"false\" value=\"\" type=\"text\" name=\"Name\" \/><\/span>\n<\/p>\n<p>Nome*<br \/>\n<span class=\"wpcf7-form-control-wrap\" data-name=\"Vorname\"><input size=\"40\" maxlength=\"400\" class=\"wpcf7-form-control wpcf7-text wpcf7-validates-as-required\" aria-required=\"true\" aria-invalid=\"false\" value=\"\" type=\"text\" name=\"Vorname\" \/><\/span>\n<\/p>\n<p>Via\/No<br \/>\n<span class=\"wpcf7-form-control-wrap\" data-name=\"strasse\"><input size=\"40\" maxlength=\"400\" class=\"wpcf7-form-control wpcf7-text\" aria-invalid=\"false\" value=\"\" type=\"text\" name=\"strasse\" \/><\/span>\n<\/p>\n<p>CAP\/Luogo<br \/>\n<span class=\"wpcf7-form-control-wrap\" data-name=\"ort\"><input size=\"40\" maxlength=\"400\" class=\"wpcf7-form-control wpcf7-text\" aria-invalid=\"false\" value=\"\" type=\"text\" name=\"ort\" \/><\/span>\n<\/p>\n<p>Telefono*<br \/>\n<span class=\"wpcf7-form-control-wrap\" data-name=\"tel-602\"><input size=\"40\" maxlength=\"400\" class=\"wpcf7-form-control wpcf7-tel wpcf7-validates-as-required wpcf7-text wpcf7-validates-as-tel\" aria-required=\"true\" aria-invalid=\"false\" value=\"\" type=\"tel\" name=\"tel-602\" \/><\/span>\n<\/p>\n<p>E-Mail*<br \/>\n<span class=\"wpcf7-form-control-wrap\" data-name=\"email-964\"><input size=\"40\" maxlength=\"400\" class=\"wpcf7-form-control wpcf7-email wpcf7-text wpcf7-validates-as-email\" aria-invalid=\"false\" value=\"\" type=\"email\" name=\"email-964\" \/><\/span>\n<\/p>\n<p><input class=\"wpcf7-form-control wpcf7-submit has-spinner\" type=\"submit\" value=\"Invio\" \/>\n<\/p><div class=\"wpcf7-response-output\" aria-hidden=\"true\"><\/div>\n<\/form>\n<\/div>\n<\/div>\n<\/div>\n","protected":false},"excerpt":{"rendered":"<p>testamento Il vostro aiuto Consulenza d&#8217;ordine guida ai testamenti Donazione ereditaria per la protezione degli animali L&#8217;amore per gli animali [&hellip;]<\/p>\n","protected":false},"author":5,"featured_media":0,"parent":6076,"menu_order":308,"comment_status":"closed","ping_status":"closed","template":"","meta":{"_acf_changed":false,"inline_featured_image":false,"_vp_format_video_url":"","_vp_image_focal_point":[],"footnotes":""},"class_list":["post-18171","page","type-page","status-publish","hentry"],"acf":[],"yoast_head":"<!-- This site is optimized with the Yoast SEO Premium plugin v27.3 (Yoast SEO v27.3) - https:\/\/yoast.com\/product\/yoast-seo-premium-wordpress\/ -->\n<title>Donazione di successione - Protezione Svizzera degli Animali PSA<\/title>\n<meta name=\"robots\" content=\"index, follow, max-snippet:-1, max-image-preview:large, max-video-preview:-1\" \/>\n<link rel=\"canonical\" href=\"https:\/\/mail.swiss-animal-protection.ch\/it\/protezione-degli-animali\/donazioni\/donazione-di-successione\/\" \/>\n<meta property=\"og:locale\" content=\"it_IT\" \/>\n<meta property=\"og:type\" content=\"article\" \/>\n<meta property=\"og:title\" content=\"Donazione di successione\" \/>\n<meta property=\"og:description\" content=\"testamento Il vostro aiuto Consulenza d&#8217;ordine guida ai testamenti Donazione ereditaria per la protezione degli animali L&#8217;amore per gli animali [&hellip;]\" \/>\n<meta property=\"og:url\" content=\"https:\/\/mail.swiss-animal-protection.ch\/it\/protezione-degli-animali\/donazioni\/donazione-di-successione\/\" \/>\n<meta property=\"og:site_name\" content=\"Protezione Svizzera degli Animali PSA\" \/>\n<meta property=\"article:publisher\" content=\"https:\/\/www.facebook.com\/schweizertierschutz\/\" \/>\n<meta property=\"article:modified_time\" content=\"2024-04-23T13:14:32+00:00\" \/>\n<meta property=\"og:image\" content=\"https:\/\/tierschutz.com\/app\/uploads\/2023\/06\/sts-katze-aus-internet.jpg\" \/>\n<meta name=\"twitter:card\" content=\"summary_large_image\" \/>\n<meta name=\"twitter:label1\" content=\"Tempo di lettura stimato\" \/>\n\t<meta name=\"twitter:data1\" content=\"3 minuti\" \/>\n<script type=\"application\/ld+json\" class=\"yoast-schema-graph\">{\"@context\":\"https:\\\/\\\/schema.org\",\"@graph\":[{\"@type\":\"WebPage\",\"@id\":\"https:\\\/\\\/mail.swiss-animal-protection.ch\\\/it\\\/protezione-degli-animali\\\/donazioni\\\/donazione-di-successione\\\/\",\"url\":\"https:\\\/\\\/mail.swiss-animal-protection.ch\\\/it\\\/protezione-degli-animali\\\/donazioni\\\/donazione-di-successione\\\/\",\"name\":\"Donazione di successione - Protezione Svizzera degli Animali PSA\",\"isPartOf\":{\"@id\":\"https:\\\/\\\/tierschutz.com\\\/fr\\\/#website\"},\"primaryImageOfPage\":{\"@id\":\"https:\\\/\\\/mail.swiss-animal-protection.ch\\\/it\\\/protezione-degli-animali\\\/donazioni\\\/donazione-di-successione\\\/#primaryimage\"},\"image\":{\"@id\":\"https:\\\/\\\/mail.swiss-animal-protection.ch\\\/it\\\/protezione-degli-animali\\\/donazioni\\\/donazione-di-successione\\\/#primaryimage\"},\"thumbnailUrl\":\"https:\\\/\\\/tierschutz.com\\\/app\\\/uploads\\\/2023\\\/06\\\/sts-katze-aus-internet.jpg\",\"datePublished\":\"2023-05-04T13:14:26+00:00\",\"dateModified\":\"2024-04-23T13:14:32+00:00\",\"breadcrumb\":{\"@id\":\"https:\\\/\\\/mail.swiss-animal-protection.ch\\\/it\\\/protezione-degli-animali\\\/donazioni\\\/donazione-di-successione\\\/#breadcrumb\"},\"inLanguage\":\"it-IT\",\"potentialAction\":[{\"@type\":\"ReadAction\",\"target\":[\"https:\\\/\\\/mail.swiss-animal-protection.ch\\\/it\\\/protezione-degli-animali\\\/donazioni\\\/donazione-di-successione\\\/\"]}]},{\"@type\":\"ImageObject\",\"inLanguage\":\"it-IT\",\"@id\":\"https:\\\/\\\/mail.swiss-animal-protection.ch\\\/it\\\/protezione-degli-animali\\\/donazioni\\\/donazione-di-successione\\\/#primaryimage\",\"url\":\"https:\\\/\\\/tierschutz.com\\\/app\\\/uploads\\\/2023\\\/06\\\/sts-katze-aus-internet.jpg\",\"contentUrl\":\"https:\\\/\\\/tierschutz.com\\\/app\\\/uploads\\\/2023\\\/06\\\/sts-katze-aus-internet.jpg\"},{\"@type\":\"BreadcrumbList\",\"@id\":\"https:\\\/\\\/mail.swiss-animal-protection.ch\\\/it\\\/protezione-degli-animali\\\/donazioni\\\/donazione-di-successione\\\/#breadcrumb\",\"itemListElement\":[{\"@type\":\"ListItem\",\"position\":1,\"name\":\"Pagina iniziale\",\"item\":\"https:\\\/\\\/mail.schweizertierschutz.ch\\\/it\\\/\"},{\"@type\":\"ListItem\",\"position\":2,\"name\":\"Protezione degli animali\",\"item\":\"https:\\\/\\\/mail.schweizertierschutz.ch\\\/it\\\/protezione-degli-animali\\\/\"},{\"@type\":\"ListItem\",\"position\":3,\"name\":\"Donazioni\",\"item\":\"https:\\\/\\\/tierschutz.com\\\/it\\\/protezione-degli-animali\\\/donazioni\\\/\"},{\"@type\":\"ListItem\",\"position\":4,\"name\":\"Donazione di successione\"}]},{\"@type\":\"WebSite\",\"@id\":\"https:\\\/\\\/tierschutz.com\\\/fr\\\/#website\",\"url\":\"https:\\\/\\\/tierschutz.com\\\/fr\\\/\",\"name\":\"tierschutz.com\",\"description\":\"Wir setzen uns f\u00fcr das Wohl der Tiere ein.\",\"publisher\":{\"@id\":\"https:\\\/\\\/tierschutz.com\\\/fr\\\/#organization\"},\"alternateName\":\"Schweizer Tierschutz STS\",\"potentialAction\":[{\"@type\":\"SearchAction\",\"target\":{\"@type\":\"EntryPoint\",\"urlTemplate\":\"https:\\\/\\\/tierschutz.com\\\/fr\\\/?s={search_term_string}\"},\"query-input\":{\"@type\":\"PropertyValueSpecification\",\"valueRequired\":true,\"valueName\":\"search_term_string\"}}],\"inLanguage\":\"it-IT\"},{\"@type\":\"Organization\",\"@id\":\"https:\\\/\\\/tierschutz.com\\\/fr\\\/#organization\",\"name\":\"Schweizer Tierschutz STS\",\"alternateName\":\"STS\",\"url\":\"https:\\\/\\\/tierschutz.com\\\/fr\\\/\",\"logo\":{\"@type\":\"ImageObject\",\"inLanguage\":\"it-IT\",\"@id\":\"https:\\\/\\\/tierschutz.com\\\/fr\\\/#\\\/schema\\\/logo\\\/image\\\/\",\"url\":\"https:\\\/\\\/mail.swiss-animal-protection.ch\\\/app\\\/uploads\\\/2024\\\/04\\\/logo-schweizer-tierschutz-sts-1.svg\",\"contentUrl\":\"https:\\\/\\\/mail.swiss-animal-protection.ch\\\/app\\\/uploads\\\/2024\\\/04\\\/logo-schweizer-tierschutz-sts-1.svg\",\"caption\":\"Schweizer Tierschutz STS\"},\"image\":{\"@id\":\"https:\\\/\\\/tierschutz.com\\\/fr\\\/#\\\/schema\\\/logo\\\/image\\\/\"},\"sameAs\":[\"https:\\\/\\\/www.facebook.com\\\/schweizertierschutz\\\/\",\"https:\\\/\\\/www.instagram.com\\\/schweizertierschutzsts\\\/\",\"https:\\\/\\\/www.youtube.com\\\/@STS_Tierschutz\",\"https:\\\/\\\/www.linkedin.com\\\/company\\\/schweizertierschutzsts\\\/\"],\"description\":\"Der Schweizer Tierschutz STS ist der Dachverband von 71 Tierschutzorganisationen in allen Sprachregionen der Schweiz und in Liechtenstein. Seine Mitarbeitenden leisten wissenschaftlich fundierte Grundlagenarbeit, setzen sich mit Projekten und Aktionen f\u00fcr den Schutz und das Wohlbefinden von Heim-, Wild-, Nutz- und Versuchstieren ein und sensibilisieren die \u00d6ffentlichkeit f\u00fcr Tierschutzthemen.\",\"email\":\"sts@tierschutz.com\",\"telephone\":\"061 365 99 99\",\"legalName\":\"Schweizer Tierschutz STS\"}]}<\/script>\n<!-- \/ Yoast SEO Premium plugin. -->","yoast_head_json":{"title":"Donazione di successione - Protezione Svizzera degli Animali PSA","robots":{"index":"index","follow":"follow","max-snippet":"max-snippet:-1","max-image-preview":"max-image-preview:large","max-video-preview":"max-video-preview:-1"},"canonical":"https:\/\/mail.swiss-animal-protection.ch\/it\/protezione-degli-animali\/donazioni\/donazione-di-successione\/","og_locale":"it_IT","og_type":"article","og_title":"Donazione di successione","og_description":"testamento Il vostro aiuto Consulenza d&#8217;ordine guida ai testamenti Donazione ereditaria per la protezione degli animali L&#8217;amore per gli animali [&hellip;]","og_url":"https:\/\/mail.swiss-animal-protection.ch\/it\/protezione-degli-animali\/donazioni\/donazione-di-successione\/","og_site_name":"Protezione Svizzera degli Animali PSA","article_publisher":"https:\/\/www.facebook.com\/schweizertierschutz\/","article_modified_time":"2024-04-23T13:14:32+00:00","og_image":[{"url":"https:\/\/tierschutz.com\/app\/uploads\/2023\/06\/sts-katze-aus-internet.jpg","type":"","width":"","height":""}],"twitter_card":"summary_large_image","twitter_misc":{"Tempo di lettura stimato":"3 minuti"},"schema":{"@context":"https:\/\/schema.org","@graph":[{"@type":"WebPage","@id":"https:\/\/mail.swiss-animal-protection.ch\/it\/protezione-degli-animali\/donazioni\/donazione-di-successione\/","url":"https:\/\/mail.swiss-animal-protection.ch\/it\/protezione-degli-animali\/donazioni\/donazione-di-successione\/","name":"Donazione di successione - Protezione Svizzera degli Animali PSA","isPartOf":{"@id":"https:\/\/tierschutz.com\/fr\/#website"},"primaryImageOfPage":{"@id":"https:\/\/mail.swiss-animal-protection.ch\/it\/protezione-degli-animali\/donazioni\/donazione-di-successione\/#primaryimage"},"image":{"@id":"https:\/\/mail.swiss-animal-protection.ch\/it\/protezione-degli-animali\/donazioni\/donazione-di-successione\/#primaryimage"},"thumbnailUrl":"https:\/\/tierschutz.com\/app\/uploads\/2023\/06\/sts-katze-aus-internet.jpg","datePublished":"2023-05-04T13:14:26+00:00","dateModified":"2024-04-23T13:14:32+00:00","breadcrumb":{"@id":"https:\/\/mail.swiss-animal-protection.ch\/it\/protezione-degli-animali\/donazioni\/donazione-di-successione\/#breadcrumb"},"inLanguage":"it-IT","potentialAction":[{"@type":"ReadAction","target":["https:\/\/mail.swiss-animal-protection.ch\/it\/protezione-degli-animali\/donazioni\/donazione-di-successione\/"]}]},{"@type":"ImageObject","inLanguage":"it-IT","@id":"https:\/\/mail.swiss-animal-protection.ch\/it\/protezione-degli-animali\/donazioni\/donazione-di-successione\/#primaryimage","url":"https:\/\/tierschutz.com\/app\/uploads\/2023\/06\/sts-katze-aus-internet.jpg","contentUrl":"https:\/\/tierschutz.com\/app\/uploads\/2023\/06\/sts-katze-aus-internet.jpg"},{"@type":"BreadcrumbList","@id":"https:\/\/mail.swiss-animal-protection.ch\/it\/protezione-degli-animali\/donazioni\/donazione-di-successione\/#breadcrumb","itemListElement":[{"@type":"ListItem","position":1,"name":"Pagina iniziale","item":"https:\/\/mail.schweizertierschutz.ch\/it\/"},{"@type":"ListItem","position":2,"name":"Protezione degli animali","item":"https:\/\/mail.schweizertierschutz.ch\/it\/protezione-degli-animali\/"},{"@type":"ListItem","position":3,"name":"Donazioni","item":"https:\/\/tierschutz.com\/it\/protezione-degli-animali\/donazioni\/"},{"@type":"ListItem","position":4,"name":"Donazione di successione"}]},{"@type":"WebSite","@id":"https:\/\/tierschutz.com\/fr\/#website","url":"https:\/\/tierschutz.com\/fr\/","name":"tierschutz.com","description":"Wir setzen uns f\u00fcr das Wohl der Tiere ein.","publisher":{"@id":"https:\/\/tierschutz.com\/fr\/#organization"},"alternateName":"Schweizer Tierschutz STS","potentialAction":[{"@type":"SearchAction","target":{"@type":"EntryPoint","urlTemplate":"https:\/\/tierschutz.com\/fr\/?s={search_term_string}"},"query-input":{"@type":"PropertyValueSpecification","valueRequired":true,"valueName":"search_term_string"}}],"inLanguage":"it-IT"},{"@type":"Organization","@id":"https:\/\/tierschutz.com\/fr\/#organization","name":"Schweizer Tierschutz STS","alternateName":"STS","url":"https:\/\/tierschutz.com\/fr\/","logo":{"@type":"ImageObject","inLanguage":"it-IT","@id":"https:\/\/tierschutz.com\/fr\/#\/schema\/logo\/image\/","url":"https:\/\/mail.swiss-animal-protection.ch\/app\/uploads\/2024\/04\/logo-schweizer-tierschutz-sts-1.svg","contentUrl":"https:\/\/mail.swiss-animal-protection.ch\/app\/uploads\/2024\/04\/logo-schweizer-tierschutz-sts-1.svg","caption":"Schweizer Tierschutz STS"},"image":{"@id":"https:\/\/tierschutz.com\/fr\/#\/schema\/logo\/image\/"},"sameAs":["https:\/\/www.facebook.com\/schweizertierschutz\/","https:\/\/www.instagram.com\/schweizertierschutzsts\/","https:\/\/www.youtube.com\/@STS_Tierschutz","https:\/\/www.linkedin.com\/company\/schweizertierschutzsts\/"],"description":"Der Schweizer Tierschutz STS ist der Dachverband von 71 Tierschutzorganisationen in allen Sprachregionen der Schweiz und in Liechtenstein. Seine Mitarbeitenden leisten wissenschaftlich fundierte Grundlagenarbeit, setzen sich mit Projekten und Aktionen f\u00fcr den Schutz und das Wohlbefinden von Heim-, Wild-, Nutz- und Versuchstieren ein und sensibilisieren die \u00d6ffentlichkeit f\u00fcr Tierschutzthemen.","email":"sts@tierschutz.com","telephone":"061 365 99 99","legalName":"Schweizer Tierschutz STS"}]}},"_links":{"self":[{"href":"https:\/\/mail.swiss-animal-protection.ch\/it\/wp-json\/wp\/v2\/pages\/18171","targetHints":{"allow":["GET"]}}],"collection":[{"href":"https:\/\/mail.swiss-animal-protection.ch\/it\/wp-json\/wp\/v2\/pages"}],"about":[{"href":"https:\/\/mail.swiss-animal-protection.ch\/it\/wp-json\/wp\/v2\/types\/page"}],"author":[{"embeddable":true,"href":"https:\/\/mail.swiss-animal-protection.ch\/it\/wp-json\/wp\/v2\/users\/5"}],"replies":[{"embeddable":true,"href":"https:\/\/mail.swiss-animal-protection.ch\/it\/wp-json\/wp\/v2\/comments?post=18171"}],"version-history":[{"count":6,"href":"https:\/\/mail.swiss-animal-protection.ch\/it\/wp-json\/wp\/v2\/pages\/18171\/revisions"}],"predecessor-version":[{"id":19672,"href":"https:\/\/mail.swiss-animal-protection.ch\/it\/wp-json\/wp\/v2\/pages\/18171\/revisions\/19672"}],"up":[{"embeddable":true,"href":"https:\/\/mail.swiss-animal-protection.ch\/it\/wp-json\/wp\/v2\/pages\/6076"}],"wp:attachment":[{"href":"https:\/\/mail.swiss-animal-protection.ch\/it\/wp-json\/wp\/v2\/media?parent=18171"}],"curies":[{"name":"wp","href":"https:\/\/api.w.org\/{rel}","templated":true}]}}