{"id":18395,"date":"2024-02-09T10:48:19","date_gmt":"2024-02-09T09:48:19","guid":{"rendered":"https:\/\/tierschutz.com\/?page_id=18395"},"modified":"2024-04-04T16:19:56","modified_gmt":"2024-04-04T14:19:56","slug":"detenzione-di-uccelli","status":"publish","type":"page","link":"https:\/\/mail.swiss-animal-protection.ch\/it\/detenzione-di-animali\/allevamento-di-animali-domestici\/detenzione-di-uccelli\/","title":{"rendered":"Detenzione di uccelli"},"content":{"rendered":"\n<div class=\"wp-block-cover alignfull\"><span aria-hidden=\"true\" class=\"wp-block-cover__background has-background-dim-0 has-background-dim\"><\/span><img loading=\"lazy\" decoding=\"async\" width=\"1416\" height=\"910\" class=\"wp-block-cover__image-background wp-image-1931\" alt=\"Ein gr\u00fcner Vogel mit einem gelben Fleck auf der Stirn vor einem Metallgitter mit verschwommenen Hintergrund\" src=\"https:\/\/tierschutz.com\/app\/uploads\/2023\/05\/STS-Vogelhaltung-1.jpg\" data-object-fit=\"cover\" srcset=\"https:\/\/mail.swiss-animal-protection.ch\/app\/uploads\/2023\/05\/STS-Vogelhaltung-1.jpg 1416w, https:\/\/mail.swiss-animal-protection.ch\/app\/uploads\/2023\/05\/STS-Vogelhaltung-1-300x193.jpg 300w, https:\/\/mail.swiss-animal-protection.ch\/app\/uploads\/2023\/05\/STS-Vogelhaltung-1-1024x658.jpg 1024w, https:\/\/mail.swiss-animal-protection.ch\/app\/uploads\/2023\/05\/STS-Vogelhaltung-1-768x494.jpg 768w\" sizes=\"auto, (max-width: 1416px) 100vw, 1416px\" \/><div class=\"wp-block-cover__inner-container is-layout-flow wp-block-cover-is-layout-flow\">\n<h2 class=\"wp-block-heading has-text-align-center has-background-color has-text-color\">Detenzione di uccelli<\/h2>\n<\/div><\/div>\n\n\n\n<div class=\"wp-block-group alignfull has-background-background-color has-background is-layout-constrained wp-block-group-is-layout-constrained\" id=\"gestorben\"><div class=\"yoast-breadcrumbs\"><span><span><a href=\"https:\/\/mail.schweizertierschutz.ch\/it\/\">Pagina iniziale<\/a><\/span> \u00bb <span><a href=\"https:\/\/mail.protezione-animali-psa.ch\/it\/detenzione-di-animali\/\">Detenzione di animali<\/a><\/span> \u00bb <span><a href=\"https:\/\/mail.protezione-animali-psa.ch\/it\/detenzione-di-animali\/allevamento-di-animali-domestici\/\">Allevamento di animali domestici<\/a><\/span> \u00bb <span class=\"breadcrumb_last\" aria-current=\"page\">Detenzione di uccelli<\/span><\/span><\/div>\n\n\n<h1 class=\"wp-block-heading has-text-align-center\"><strong>La pagina \u00e8 in costruzione<\/strong><\/h1>\n\n\n\n<hr class=\"wp-block-separator has-text-color has-primary-color has-alpha-channel-opacity has-primary-background-color has-background\"\/>\n\n\n\n<p class=\"has-text-align-center\">Attualmente siamo ancora in fase di costruzione e stiamo lavorando per preparare tutti i contenuti per voi.<br>Vi preghiamo di essere pazienti mentre aggiungiamo gli ultimi ritocchi e le ultime informazioni.<\/p>\n\n\n\n<p class=\"has-text-align-center\">Grazie per la vostra comprensione e tornate a trovarci presto!<\/p>\n<\/div>\n\n\n\n<div class=\"wp-block-group has-background-background-color has-background is-layout-constrained wp-block-group-is-layout-constrained\">\n<h2 class=\"wp-block-heading has-text-align-center\"><strong>Volete sostenerci?<\/strong><\/h2>\n\n\n\n<hr class=\"wp-block-separator has-text-color has-primary-color has-alpha-channel-opacity has-primary-background-color has-background\"\/>\n<\/div>\n\n\n\n<div class=\"wp-block-cover alignfull has-custom-content-position is-position-bottom-left\"><span aria-hidden=\"true\" class=\"wp-block-cover__background has-background-dim-0 has-background-dim\"><\/span><img loading=\"lazy\" decoding=\"async\" width=\"2560\" height=\"1696\" class=\"wp-block-cover__image-background wp-image-441\" alt=\"\" src=\"https:\/\/tierschutz.com\/app\/uploads\/2023\/05\/schweizer-tierschutz-online-spende-scaled.jpg\" style=\"object-position:57% 41%\" data-object-fit=\"cover\" data-object-position=\"57% 41%\" srcset=\"https:\/\/mail.swiss-animal-protection.ch\/app\/uploads\/2023\/05\/schweizer-tierschutz-online-spende-scaled.jpg 2560w, https:\/\/mail.swiss-animal-protection.ch\/app\/uploads\/2023\/05\/schweizer-tierschutz-online-spende-300x199.jpg 300w, https:\/\/mail.swiss-animal-protection.ch\/app\/uploads\/2023\/05\/schweizer-tierschutz-online-spende-1024x678.jpg 1024w, https:\/\/mail.swiss-animal-protection.ch\/app\/uploads\/2023\/05\/schweizer-tierschutz-online-spende-768x509.jpg 768w, https:\/\/mail.swiss-animal-protection.ch\/app\/uploads\/2023\/05\/schweizer-tierschutz-online-spende-1536x1017.jpg 1536w, https:\/\/mail.swiss-animal-protection.ch\/app\/uploads\/2023\/05\/schweizer-tierschutz-online-spende-2048x1356.jpg 2048w\" sizes=\"auto, (max-width: 2560px) 100vw, 2560px\" \/><div class=\"wp-block-cover__inner-container is-layout-flow wp-block-cover-is-layout-flow\">\n<div class=\"wp-block-group is-style-shadow-box has-foreground-color has-background-background-color has-text-color has-background is-layout-constrained wp-block-group-is-layout-constrained\">\n<h3 class=\"wp-block-heading\"><strong><strong><strong><strong>Sosteneteci per aiutare gli animali&nbsp;<\/strong><\/strong><\/strong><\/strong><\/h3>\n\n\n\n<p>Aiutateci ad aiutare gli animali. Con le vostre donazioni, lavoriamo con costanza e ostinazione per migliorare in modo tangibile le condizioni degli animali bisognosi. Gli uffici specialistici e di consulenza della Protezione Svizzera degli Animali PSA nonch\u00e9 le sue sezioni si impegnano in modo efficace per il benessere gli animali. \u00c8 una promessa!<\/p>\n\n\n\n<p>La PSA \u00e8 riconosciuta come ente di utilit\u00e0 pubblica. Potete quindi presentare la vostra donazione come detrazione nella dichiarazione dei redditi.<\/p>\n\n\n\n<div class=\"wp-block-buttons is-layout-flex wp-block-buttons-is-layout-flex\">\n<div class=\"wp-block-button\"><a class=\"wp-block-button__link wp-element-button\" href=\"https:\/\/tierschutz.com\/it\/protezione-degli-animali\/donazioni\/donare\/\">Donare ora<\/a><\/div>\n<\/div>\n<\/div>\n<\/div><\/div>\n","protected":false},"excerpt":{"rendered":"","protected":false},"author":5,"featured_media":0,"parent":4266,"menu_order":110,"comment_status":"closed","ping_status":"closed","template":"","meta":{"_acf_changed":false,"inline_featured_image":false,"_vp_format_video_url":"","_vp_image_focal_point":[],"footnotes":""},"class_list":["post-18395","page","type-page","status-publish","hentry"],"acf":[],"yoast_head":"<!-- This site is optimized with the Yoast SEO Premium plugin v27.4 (Yoast SEO v27.4) - https:\/\/yoast.com\/product\/yoast-seo-premium-wordpress\/ -->\n<title>Detenzione di uccelli - Protezione Svizzera degli Animali PSA<\/title>\n<meta name=\"robots\" content=\"index, follow, max-snippet:-1, max-image-preview:large, max-video-preview:-1\" \/>\n<link rel=\"canonical\" href=\"https:\/\/mail.swiss-animal-protection.ch\/it\/detenzione-di-animali\/allevamento-di-animali-domestici\/detenzione-di-uccelli\/\" \/>\n<meta property=\"og:locale\" content=\"it_IT\" \/>\n<meta property=\"og:type\" content=\"article\" \/>\n<meta property=\"og:title\" content=\"Detenzione di uccelli\" \/>\n<meta property=\"og:url\" content=\"https:\/\/mail.swiss-animal-protection.ch\/it\/detenzione-di-animali\/allevamento-di-animali-domestici\/detenzione-di-uccelli\/\" \/>\n<meta property=\"og:site_name\" content=\"Protezione Svizzera degli Animali PSA\" \/>\n<meta property=\"article:publisher\" content=\"https:\/\/www.facebook.com\/schweizertierschutz\/\" \/>\n<meta property=\"article:modified_time\" content=\"2024-04-04T14:19:56+00:00\" \/>\n<meta property=\"og:image\" content=\"https:\/\/tierschutz.com\/app\/uploads\/2023\/05\/STS-Vogelhaltung-1.jpg\" \/>\n<meta name=\"twitter:card\" content=\"summary_large_image\" \/>\n<meta name=\"twitter:label1\" content=\"Tempo di lettura stimato\" \/>\n\t<meta name=\"twitter:data1\" content=\"1 minuto\" \/>\n<script type=\"application\/ld+json\" class=\"yoast-schema-graph\">{\"@context\":\"https:\\\/\\\/schema.org\",\"@graph\":[{\"@type\":\"WebPage\",\"@id\":\"https:\\\/\\\/mail.swiss-animal-protection.ch\\\/it\\\/detenzione-di-animali\\\/allevamento-di-animali-domestici\\\/detenzione-di-uccelli\\\/\",\"url\":\"https:\\\/\\\/mail.swiss-animal-protection.ch\\\/it\\\/detenzione-di-animali\\\/allevamento-di-animali-domestici\\\/detenzione-di-uccelli\\\/\",\"name\":\"Detenzione di uccelli - Protezione Svizzera degli Animali PSA\",\"isPartOf\":{\"@id\":\"https:\\\/\\\/tierschutz.com\\\/fr\\\/#website\"},\"primaryImageOfPage\":{\"@id\":\"https:\\\/\\\/mail.swiss-animal-protection.ch\\\/it\\\/detenzione-di-animali\\\/allevamento-di-animali-domestici\\\/detenzione-di-uccelli\\\/#primaryimage\"},\"image\":{\"@id\":\"https:\\\/\\\/mail.swiss-animal-protection.ch\\\/it\\\/detenzione-di-animali\\\/allevamento-di-animali-domestici\\\/detenzione-di-uccelli\\\/#primaryimage\"},\"thumbnailUrl\":\"https:\\\/\\\/tierschutz.com\\\/app\\\/uploads\\\/2023\\\/05\\\/STS-Vogelhaltung-1.jpg\",\"datePublished\":\"2024-02-09T09:48:19+00:00\",\"dateModified\":\"2024-04-04T14:19:56+00:00\",\"breadcrumb\":{\"@id\":\"https:\\\/\\\/mail.swiss-animal-protection.ch\\\/it\\\/detenzione-di-animali\\\/allevamento-di-animali-domestici\\\/detenzione-di-uccelli\\\/#breadcrumb\"},\"inLanguage\":\"it-IT\",\"potentialAction\":[{\"@type\":\"ReadAction\",\"target\":[\"https:\\\/\\\/mail.swiss-animal-protection.ch\\\/it\\\/detenzione-di-animali\\\/allevamento-di-animali-domestici\\\/detenzione-di-uccelli\\\/\"]}]},{\"@type\":\"ImageObject\",\"inLanguage\":\"it-IT\",\"@id\":\"https:\\\/\\\/mail.swiss-animal-protection.ch\\\/it\\\/detenzione-di-animali\\\/allevamento-di-animali-domestici\\\/detenzione-di-uccelli\\\/#primaryimage\",\"url\":\"https:\\\/\\\/tierschutz.com\\\/app\\\/uploads\\\/2023\\\/05\\\/STS-Vogelhaltung-1.jpg\",\"contentUrl\":\"https:\\\/\\\/tierschutz.com\\\/app\\\/uploads\\\/2023\\\/05\\\/STS-Vogelhaltung-1.jpg\"},{\"@type\":\"BreadcrumbList\",\"@id\":\"https:\\\/\\\/mail.swiss-animal-protection.ch\\\/it\\\/detenzione-di-animali\\\/allevamento-di-animali-domestici\\\/detenzione-di-uccelli\\\/#breadcrumb\",\"itemListElement\":[{\"@type\":\"ListItem\",\"position\":1,\"name\":\"Pagina iniziale\",\"item\":\"https:\\\/\\\/mail.schweizertierschutz.ch\\\/it\\\/\"},{\"@type\":\"ListItem\",\"position\":2,\"name\":\"Detenzione di animali\",\"item\":\"https:\\\/\\\/mail.protezione-animali-psa.ch\\\/it\\\/detenzione-di-animali\\\/\"},{\"@type\":\"ListItem\",\"position\":3,\"name\":\"Allevamento di animali domestici\",\"item\":\"https:\\\/\\\/mail.protezione-animali-psa.ch\\\/it\\\/detenzione-di-animali\\\/allevamento-di-animali-domestici\\\/\"},{\"@type\":\"ListItem\",\"position\":4,\"name\":\"Detenzione di uccelli\"}]},{\"@type\":\"WebSite\",\"@id\":\"https:\\\/\\\/tierschutz.com\\\/fr\\\/#website\",\"url\":\"https:\\\/\\\/tierschutz.com\\\/fr\\\/\",\"name\":\"tierschutz.com\",\"description\":\"Wir setzen uns f\u00fcr das Wohl der Tiere ein.\",\"publisher\":{\"@id\":\"https:\\\/\\\/tierschutz.com\\\/fr\\\/#organization\"},\"alternateName\":\"Schweizer Tierschutz STS\",\"potentialAction\":[{\"@type\":\"SearchAction\",\"target\":{\"@type\":\"EntryPoint\",\"urlTemplate\":\"https:\\\/\\\/tierschutz.com\\\/fr\\\/?s={search_term_string}\"},\"query-input\":{\"@type\":\"PropertyValueSpecification\",\"valueRequired\":true,\"valueName\":\"search_term_string\"}}],\"inLanguage\":\"it-IT\"},{\"@type\":\"Organization\",\"@id\":\"https:\\\/\\\/tierschutz.com\\\/fr\\\/#organization\",\"name\":\"Schweizer Tierschutz STS\",\"alternateName\":\"STS\",\"url\":\"https:\\\/\\\/tierschutz.com\\\/fr\\\/\",\"logo\":{\"@type\":\"ImageObject\",\"inLanguage\":\"it-IT\",\"@id\":\"https:\\\/\\\/tierschutz.com\\\/fr\\\/#\\\/schema\\\/logo\\\/image\\\/\",\"url\":\"https:\\\/\\\/mail.swiss-animal-protection.ch\\\/app\\\/uploads\\\/2024\\\/04\\\/logo-schweizer-tierschutz-sts-1.svg\",\"contentUrl\":\"https:\\\/\\\/mail.swiss-animal-protection.ch\\\/app\\\/uploads\\\/2024\\\/04\\\/logo-schweizer-tierschutz-sts-1.svg\",\"caption\":\"Schweizer Tierschutz STS\"},\"image\":{\"@id\":\"https:\\\/\\\/tierschutz.com\\\/fr\\\/#\\\/schema\\\/logo\\\/image\\\/\"},\"sameAs\":[\"https:\\\/\\\/www.facebook.com\\\/schweizertierschutz\\\/\",\"https:\\\/\\\/www.instagram.com\\\/schweizertierschutzsts\\\/\",\"https:\\\/\\\/www.youtube.com\\\/@STS_Tierschutz\",\"https:\\\/\\\/www.linkedin.com\\\/company\\\/schweizertierschutzsts\\\/\"],\"description\":\"Der Schweizer Tierschutz STS ist der Dachverband von 71 Tierschutzorganisationen in allen Sprachregionen der Schweiz und in Liechtenstein. Seine Mitarbeitenden leisten wissenschaftlich fundierte Grundlagenarbeit, setzen sich mit Projekten und Aktionen f\u00fcr den Schutz und das Wohlbefinden von Heim-, Wild-, Nutz- und Versuchstieren ein und sensibilisieren die \u00d6ffentlichkeit f\u00fcr Tierschutzthemen.\",\"email\":\"sts@tierschutz.com\",\"telephone\":\"061 365 99 99\",\"legalName\":\"Schweizer Tierschutz STS\"}]}<\/script>\n<!-- \/ Yoast SEO Premium plugin. -->","yoast_head_json":{"title":"Detenzione di uccelli - Protezione Svizzera degli Animali PSA","robots":{"index":"index","follow":"follow","max-snippet":"max-snippet:-1","max-image-preview":"max-image-preview:large","max-video-preview":"max-video-preview:-1"},"canonical":"https:\/\/mail.swiss-animal-protection.ch\/it\/detenzione-di-animali\/allevamento-di-animali-domestici\/detenzione-di-uccelli\/","og_locale":"it_IT","og_type":"article","og_title":"Detenzione di uccelli","og_url":"https:\/\/mail.swiss-animal-protection.ch\/it\/detenzione-di-animali\/allevamento-di-animali-domestici\/detenzione-di-uccelli\/","og_site_name":"Protezione Svizzera degli Animali PSA","article_publisher":"https:\/\/www.facebook.com\/schweizertierschutz\/","article_modified_time":"2024-04-04T14:19:56+00:00","og_image":[{"url":"https:\/\/tierschutz.com\/app\/uploads\/2023\/05\/STS-Vogelhaltung-1.jpg","type":"","width":"","height":""}],"twitter_card":"summary_large_image","twitter_misc":{"Tempo di lettura stimato":"1 minuto"},"schema":{"@context":"https:\/\/schema.org","@graph":[{"@type":"WebPage","@id":"https:\/\/mail.swiss-animal-protection.ch\/it\/detenzione-di-animali\/allevamento-di-animali-domestici\/detenzione-di-uccelli\/","url":"https:\/\/mail.swiss-animal-protection.ch\/it\/detenzione-di-animali\/allevamento-di-animali-domestici\/detenzione-di-uccelli\/","name":"Detenzione di uccelli - Protezione Svizzera degli Animali PSA","isPartOf":{"@id":"https:\/\/tierschutz.com\/fr\/#website"},"primaryImageOfPage":{"@id":"https:\/\/mail.swiss-animal-protection.ch\/it\/detenzione-di-animali\/allevamento-di-animali-domestici\/detenzione-di-uccelli\/#primaryimage"},"image":{"@id":"https:\/\/mail.swiss-animal-protection.ch\/it\/detenzione-di-animali\/allevamento-di-animali-domestici\/detenzione-di-uccelli\/#primaryimage"},"thumbnailUrl":"https:\/\/tierschutz.com\/app\/uploads\/2023\/05\/STS-Vogelhaltung-1.jpg","datePublished":"2024-02-09T09:48:19+00:00","dateModified":"2024-04-04T14:19:56+00:00","breadcrumb":{"@id":"https:\/\/mail.swiss-animal-protection.ch\/it\/detenzione-di-animali\/allevamento-di-animali-domestici\/detenzione-di-uccelli\/#breadcrumb"},"inLanguage":"it-IT","potentialAction":[{"@type":"ReadAction","target":["https:\/\/mail.swiss-animal-protection.ch\/it\/detenzione-di-animali\/allevamento-di-animali-domestici\/detenzione-di-uccelli\/"]}]},{"@type":"ImageObject","inLanguage":"it-IT","@id":"https:\/\/mail.swiss-animal-protection.ch\/it\/detenzione-di-animali\/allevamento-di-animali-domestici\/detenzione-di-uccelli\/#primaryimage","url":"https:\/\/tierschutz.com\/app\/uploads\/2023\/05\/STS-Vogelhaltung-1.jpg","contentUrl":"https:\/\/tierschutz.com\/app\/uploads\/2023\/05\/STS-Vogelhaltung-1.jpg"},{"@type":"BreadcrumbList","@id":"https:\/\/mail.swiss-animal-protection.ch\/it\/detenzione-di-animali\/allevamento-di-animali-domestici\/detenzione-di-uccelli\/#breadcrumb","itemListElement":[{"@type":"ListItem","position":1,"name":"Pagina iniziale","item":"https:\/\/mail.schweizertierschutz.ch\/it\/"},{"@type":"ListItem","position":2,"name":"Detenzione di animali","item":"https:\/\/mail.protezione-animali-psa.ch\/it\/detenzione-di-animali\/"},{"@type":"ListItem","position":3,"name":"Allevamento di animali domestici","item":"https:\/\/mail.protezione-animali-psa.ch\/it\/detenzione-di-animali\/allevamento-di-animali-domestici\/"},{"@type":"ListItem","position":4,"name":"Detenzione di uccelli"}]},{"@type":"WebSite","@id":"https:\/\/tierschutz.com\/fr\/#website","url":"https:\/\/tierschutz.com\/fr\/","name":"tierschutz.com","description":"Wir setzen uns f\u00fcr das Wohl der Tiere ein.","publisher":{"@id":"https:\/\/tierschutz.com\/fr\/#organization"},"alternateName":"Schweizer Tierschutz STS","potentialAction":[{"@type":"SearchAction","target":{"@type":"EntryPoint","urlTemplate":"https:\/\/tierschutz.com\/fr\/?s={search_term_string}"},"query-input":{"@type":"PropertyValueSpecification","valueRequired":true,"valueName":"search_term_string"}}],"inLanguage":"it-IT"},{"@type":"Organization","@id":"https:\/\/tierschutz.com\/fr\/#organization","name":"Schweizer Tierschutz STS","alternateName":"STS","url":"https:\/\/tierschutz.com\/fr\/","logo":{"@type":"ImageObject","inLanguage":"it-IT","@id":"https:\/\/tierschutz.com\/fr\/#\/schema\/logo\/image\/","url":"https:\/\/mail.swiss-animal-protection.ch\/app\/uploads\/2024\/04\/logo-schweizer-tierschutz-sts-1.svg","contentUrl":"https:\/\/mail.swiss-animal-protection.ch\/app\/uploads\/2024\/04\/logo-schweizer-tierschutz-sts-1.svg","caption":"Schweizer Tierschutz STS"},"image":{"@id":"https:\/\/tierschutz.com\/fr\/#\/schema\/logo\/image\/"},"sameAs":["https:\/\/www.facebook.com\/schweizertierschutz\/","https:\/\/www.instagram.com\/schweizertierschutzsts\/","https:\/\/www.youtube.com\/@STS_Tierschutz","https:\/\/www.linkedin.com\/company\/schweizertierschutzsts\/"],"description":"Der Schweizer Tierschutz STS ist der Dachverband von 71 Tierschutzorganisationen in allen Sprachregionen der Schweiz und in Liechtenstein. Seine Mitarbeitenden leisten wissenschaftlich fundierte Grundlagenarbeit, setzen sich mit Projekten und Aktionen f\u00fcr den Schutz und das Wohlbefinden von Heim-, Wild-, Nutz- und Versuchstieren ein und sensibilisieren die \u00d6ffentlichkeit f\u00fcr Tierschutzthemen.","email":"sts@tierschutz.com","telephone":"061 365 99 99","legalName":"Schweizer Tierschutz STS"}]}},"_links":{"self":[{"href":"https:\/\/mail.swiss-animal-protection.ch\/it\/wp-json\/wp\/v2\/pages\/18395","targetHints":{"allow":["GET"]}}],"collection":[{"href":"https:\/\/mail.swiss-animal-protection.ch\/it\/wp-json\/wp\/v2\/pages"}],"about":[{"href":"https:\/\/mail.swiss-animal-protection.ch\/it\/wp-json\/wp\/v2\/types\/page"}],"author":[{"embeddable":true,"href":"https:\/\/mail.swiss-animal-protection.ch\/it\/wp-json\/wp\/v2\/users\/5"}],"replies":[{"embeddable":true,"href":"https:\/\/mail.swiss-animal-protection.ch\/it\/wp-json\/wp\/v2\/comments?post=18395"}],"version-history":[{"count":1,"href":"https:\/\/mail.swiss-animal-protection.ch\/it\/wp-json\/wp\/v2\/pages\/18395\/revisions"}],"predecessor-version":[{"id":18396,"href":"https:\/\/mail.swiss-animal-protection.ch\/it\/wp-json\/wp\/v2\/pages\/18395\/revisions\/18396"}],"up":[{"embeddable":true,"href":"https:\/\/mail.swiss-animal-protection.ch\/it\/wp-json\/wp\/v2\/pages\/4266"}],"wp:attachment":[{"href":"https:\/\/mail.swiss-animal-protection.ch\/it\/wp-json\/wp\/v2\/media?parent=18395"}],"curies":[{"name":"wp","href":"https:\/\/api.w.org\/{rel}","templated":true}]}}